{"id":15192,"date":"2020-10-17T04:16:13","date_gmt":"2020-10-17T03:16:13","guid":{"rendered":"https:\/\/sos-shop.ch\/?post_type=product&#038;p=15192"},"modified":"2025-03-17T04:40:52","modified_gmt":"2025-03-17T03:40:52","slug":"flash-allume-feu-liquide__trashed","status":"publish","type":"product","link":"https:\/\/dev.sos-shop.ch\/en\/shop\/flash-allume-feu-liquide__trashed\/","title":{"rendered":"Flash Allume-feu 1L"},"content":{"rendered":"<p>Bouteilles de 1 litre d&#8217;allume-feu liquide pour l&#8217;allumage plus rapide des barbecues et des chemin\u00e9es Vous le connaissez : lors d&#8217;une grillade, vous passez la plupart du temps \u00e0 attendre que le barbecue soit enfin pr\u00eat \u00e0 mettre la viande sur le feu. C&#8217;est fini maintenant. Avec notre allume-feu liquide, vous pouvez allumer le charbon de bois de mani\u00e8re fiable et rapide et r\u00e9duire ainsi le temps d&#8217;attente pour une bonne grillade. Notre allume-feu est non seulement tr\u00e8s pur, mais aussi d\u00e9saromatis\u00e9 et inodore. Il est produit \u00e0 partir du p\u00e9trole brut et est un liquide clair. De quoi faut-il tenir compte lors de l&#8217;utilisation d&#8217;un allume-feu liquide ? Il est important que l&#8217;allume-feu ne soit pas vers\u00e9 dans la flamme nue. Ici, une flamme de jet peut se d\u00e9velopper ! Au lieu de cela, mouillez simplement les briquettes du gril ou le charbon de bois avant de l&#8217;allumer, attendez un peu qu&#8217;il soit tremp\u00e9 et allumez-le seulement ensuite. Important : L&#8217;allume-feu ne convient que pour les barbecues et les chemin\u00e9es. Utiliser uniquement sur des briquettes de charbon de bois ou de barbecue. Lire le mode d&#8217;emploi avant utilisation. Classification selon le r\u00e8glement CE n\u00b0 1272\/2008 : Danger d&#8217;aspiration. Le produit doit \u00eatre tenu \u00e0 l&#8217;\u00e9cart des enfants et des animaux. M\u00eame une petite gorg\u00e9e peut mettre la vie en danger. Mentions de danger &#8216;H&#8217; : H304: Peut \u00eatre mortel en cas d&#8217;ingestion et de p\u00e9n\u00e9tration dans les voies respiratoires. Mention d&#8217;avertissement : Signal: Danger !<\/p>","protected":false},"excerpt":{"rendered":"<p>Bouteilles de 1 litre d&#8217;allume-feu liquide pour l&#8217;allumage plus rapide des barbecues et des chemin\u00e9es Vous le connaissez : lors d&#8217;une grillade, vous passez la plupart du temps \u00e0 attendre que le barbecue soit enfin pr\u00eat \u00e0 mettre la viande sur le feu. C&#8217;est fini maintenant. Avec notre allume-feu liquide, vous pouvez allumer le charbon&hellip;<\/p>","protected":false},"featured_media":15193,"template":"","meta":[],"product_cat":[683],"product_tag":[],"acf":[],"_links":{"self":[{"href":"https:\/\/dev.sos-shop.ch\/en\/wp-json\/wp\/v2\/product\/15192"}],"collection":[{"href":"https:\/\/dev.sos-shop.ch\/en\/wp-json\/wp\/v2\/product"}],"about":[{"href":"https:\/\/dev.sos-shop.ch\/en\/wp-json\/wp\/v2\/types\/product"}],"version-history":[{"count":0,"href":"https:\/\/dev.sos-shop.ch\/en\/wp-json\/wp\/v2\/product\/15192\/revisions"}],"wp:featuredmedia":[{"embeddable":true,"href":"https:\/\/dev.sos-shop.ch\/en\/wp-json\/wp\/v2\/media\/15193"}],"wp:attachment":[{"href":"https:\/\/dev.sos-shop.ch\/en\/wp-json\/wp\/v2\/media?parent=15192"}],"wp:term":[{"taxonomy":"product_cat","embeddable":true,"href":"https:\/\/dev.sos-shop.ch\/en\/wp-json\/wp\/v2\/product_cat?post=15192"},{"taxonomy":"product_tag","embeddable":true,"href":"https:\/\/dev.sos-shop.ch\/en\/wp-json\/wp\/v2\/product_tag?post=15192"}],"curies":[{"name":"wp","href":"https:\/\/api.w.org\/{rel}","templated":true}]}}