{"id":15143,"date":"2020-10-16T15:18:08","date_gmt":"2020-10-16T14:18:08","guid":{"rendered":"https:\/\/sos-shop.ch\/?post_type=product&#038;p=15143"},"modified":"2025-03-17T04:40:52","modified_gmt":"2025-03-17T03:40:52","slug":"durgol-express__trashed","status":"publish","type":"product","link":"https:\/\/dev.sos-shop.ch\/en\/shop\/durgol-express__trashed\/","title":{"rendered":"Durgol D\u00e9tartrant Express 1.5L"},"content":{"rendered":"<p>L&#8217;eau \u00e0 haute teneur en min\u00e9raux, ou l&#8217;eau dure, peut provoquer une accumulation de calcaire dans les appareils et autres articles m\u00e9nagers.\u00a0L&#8217;accumulation de calcaire peut affecter les performances de vos articles et m\u00eame entra\u00eener des dommages permanents.\u00a0Pour lutter contre le calcaire et \u00e9viter les dommages, vous avez besoin du bon nettoyant.\u00a0Le nettoyant universel durgol Express 16,9 onces a tout ce dont vous avez besoin.\u00a0Ce nettoyant est id\u00e9al pour une utilisation dans les machines \u00e0 expresso, les machines \u00e0 caf\u00e9 filtre, les bouilloires, les robinets, etc.\u00a0Vous pouvez m\u00eame les utiliser sur les pommes de douche et les carreaux de c\u00e9ramique!\u00a0Il est facile \u00e0 utiliser et est livr\u00e9 dans une bouteille 100% recyclable, vous pouvez donc \u00eatre s\u00fbr d&#8217;\u00eatre respectueux de l&#8217;environnement.\u00a0Durgol est un rin\u00e7age propre, ce qui signifie qu&#8217;apr\u00e8s d\u00e9tartrage et rin\u00e7age, votre machine pourra \u00eatre utilis\u00e9e en toute s\u00e9curit\u00e9.\u00a0D&#8217;autres nettoyants peuvent laisser des r\u00e9sidus suppl\u00e9mentaires et avoir un impact sur le go\u00fbt et la qualit\u00e9 de vos boissons, mais durgol &#8216;<\/p>","protected":false},"excerpt":{"rendered":"<p>L&#8217;eau \u00e0 haute teneur en min\u00e9raux, ou l&#8217;eau dure, peut provoquer une accumulation de calcaire dans les appareils et autres articles m\u00e9nagers.\u00a0L&#8217;accumulation de calcaire peut affecter les performances de vos articles et m\u00eame entra\u00eener des dommages permanents.\u00a0Pour lutter contre le calcaire et \u00e9viter les dommages, vous avez besoin du bon nettoyant.\u00a0Le nettoyant universel durgol Express&hellip;<\/p>","protected":false},"featured_media":15144,"template":"","meta":[],"product_cat":[683],"product_tag":[],"acf":[],"_links":{"self":[{"href":"https:\/\/dev.sos-shop.ch\/en\/wp-json\/wp\/v2\/product\/15143"}],"collection":[{"href":"https:\/\/dev.sos-shop.ch\/en\/wp-json\/wp\/v2\/product"}],"about":[{"href":"https:\/\/dev.sos-shop.ch\/en\/wp-json\/wp\/v2\/types\/product"}],"version-history":[{"count":0,"href":"https:\/\/dev.sos-shop.ch\/en\/wp-json\/wp\/v2\/product\/15143\/revisions"}],"wp:featuredmedia":[{"embeddable":true,"href":"https:\/\/dev.sos-shop.ch\/en\/wp-json\/wp\/v2\/media\/15144"}],"wp:attachment":[{"href":"https:\/\/dev.sos-shop.ch\/en\/wp-json\/wp\/v2\/media?parent=15143"}],"wp:term":[{"taxonomy":"product_cat","embeddable":true,"href":"https:\/\/dev.sos-shop.ch\/en\/wp-json\/wp\/v2\/product_cat?post=15143"},{"taxonomy":"product_tag","embeddable":true,"href":"https:\/\/dev.sos-shop.ch\/en\/wp-json\/wp\/v2\/product_tag?post=15143"}],"curies":[{"name":"wp","href":"https:\/\/api.w.org\/{rel}","templated":true}]}}