{"id":15114,"date":"2020-10-16T14:46:08","date_gmt":"2020-10-16T13:46:08","guid":{"rendered":"https:\/\/sos-shop.ch\/?post_type=product&#038;p=15114"},"modified":"2025-03-17T04:40:53","modified_gmt":"2025-03-17T03:40:53","slug":"swiffer-lingettes-attrape-poussiere__trashed","status":"publish","type":"product","link":"https:\/\/dev.sos-shop.ch\/en\/shop\/swiffer-lingettes-attrape-poussiere__trashed\/","title":{"rendered":"Swiffer Lingettes Attrape-Poussi\u00e8re 36pcs"},"content":{"rendered":"<p>Les lingettes de recharge Swiffer Febreze se fixent au balai Swiffer pour attraper et retenir la salet\u00e9, les poussi\u00e8res et les poils sur tous les sols de votre maison. Elles sont 3\u00a0fois plus efficaces qu\u2019un balai classique et, avec Febreze, elles laissent un parfum frais agr\u00e9able sur vos sols. Elles peuvent \u00e9galement \u00eatre utilis\u00e9es en compl\u00e9ment de votre aspirateur, pour attraper la poussi\u00e8re fine restante, ou comme outil de nettoyage interm\u00e9diaire pour \u00e9viter de devoir nettoyer en profondeur trop souvent. Comment\u00a0? Pourquoi\u00a0? L\u2019\u00e9paisseur des lingettes et leur motif particulier associ\u00e9s \u00e0 leur action \u00e9lectrostatique permettent d\u2019attraper toute la poussi\u00e8re et de la retenir dans la lingette. De plus, gr\u00e2ce \u00e0 la t\u00eate pivotante \u00e0 360\u00b0 du balai Swiffer, vous pouvez nettoyer partout, m\u00eame les endroits difficiles d\u2019acc\u00e8s comme sous le r\u00e9frig\u00e9rateur, la cuisini\u00e8re et le lave-vaisselle, sous les lits et le canap\u00e9, ainsi que les recoins et les bords parfois inaccessibles pour les balais classiques et les serpilli\u00e8res. N\u2019est-ce pas merveilleux\u00a0? Avec les lingettes de nettoyage s\u00e8ches Swiffer, le nettoyage n\u2019a jamais \u00e9t\u00e9 si facile et rapide. Bon \u00e0 savoir\u00a0: Elles conviennent en particulier pour attraper les poils des animaux de compagnie, qui en perdent tout le temps, ou si vous \u00eates allergique \u00e0 la poussi\u00e8re. Les lingettes Swiffer peuvent \u00eatre utilis\u00e9es sur toutes les surfaces dures telles que\u00a0: les sols en linol\u00e9um, vinyle et c\u00e9ramique pouvant \u00eatre cir\u00e9s ou non, ainsi que les parquets vitrifi\u00e9s.<\/p>","protected":false},"excerpt":{"rendered":"<p>Les lingettes de recharge Swiffer Febreze se fixent au balai Swiffer pour attraper et retenir la salet\u00e9, les poussi\u00e8res et les poils sur tous les sols de votre maison. Elles sont 3\u00a0fois plus efficaces qu\u2019un balai classique et, avec Febreze, elles laissent un parfum frais agr\u00e9able sur vos sols. Elles peuvent \u00e9galement \u00eatre utilis\u00e9es en&hellip;<\/p>","protected":false},"featured_media":15116,"template":"","meta":[],"product_cat":[683],"product_tag":[],"acf":[],"_links":{"self":[{"href":"https:\/\/dev.sos-shop.ch\/en\/wp-json\/wp\/v2\/product\/15114"}],"collection":[{"href":"https:\/\/dev.sos-shop.ch\/en\/wp-json\/wp\/v2\/product"}],"about":[{"href":"https:\/\/dev.sos-shop.ch\/en\/wp-json\/wp\/v2\/types\/product"}],"version-history":[{"count":0,"href":"https:\/\/dev.sos-shop.ch\/en\/wp-json\/wp\/v2\/product\/15114\/revisions"}],"wp:featuredmedia":[{"embeddable":true,"href":"https:\/\/dev.sos-shop.ch\/en\/wp-json\/wp\/v2\/media\/15116"}],"wp:attachment":[{"href":"https:\/\/dev.sos-shop.ch\/en\/wp-json\/wp\/v2\/media?parent=15114"}],"wp:term":[{"taxonomy":"product_cat","embeddable":true,"href":"https:\/\/dev.sos-shop.ch\/en\/wp-json\/wp\/v2\/product_cat?post=15114"},{"taxonomy":"product_tag","embeddable":true,"href":"https:\/\/dev.sos-shop.ch\/en\/wp-json\/wp\/v2\/product_tag?post=15114"}],"curies":[{"name":"wp","href":"https:\/\/api.w.org\/{rel}","templated":true}]}}