{"id":15111,"date":"2020-10-16T14:39:38","date_gmt":"2020-10-16T13:39:38","guid":{"rendered":"https:\/\/sos-shop.ch\/?post_type=product&#038;p=15111"},"modified":"2025-03-17T04:40:53","modified_gmt":"2025-03-17T03:40:53","slug":"swiffer-wet-refill__trashed","status":"publish","type":"product","link":"https:\/\/dev.sos-shop.ch\/en\/shop\/swiffer-wet-refill__trashed\/","title":{"rendered":"Swiffer Wet Refill 24pcs"},"content":{"rendered":"<p>Les recharges de vadrouille humide Swiffer vont avec la vadrouille humide Swiffer qui donne \u00e0 votre sol et \u00e0 votre pi\u00e8ce ce parfum \u00abOpen Window Fresh\u00bb.\u00a0Les chiffons sont pr\u00e9-imbib\u00e9s d&#8217;une solution de nettoyage avanc\u00e9e qui dissout<\/p>","protected":false},"excerpt":{"rendered":"<p>Les recharges de vadrouille humide Swiffer vont avec la vadrouille humide Swiffer qui donne \u00e0 votre sol et \u00e0 votre pi\u00e8ce ce parfum \u00abOpen Window Fresh\u00bb.\u00a0Les chiffons sont pr\u00e9-imbib\u00e9s d&#8217;une solution de nettoyage avanc\u00e9e qui dissout<\/p>","protected":false},"featured_media":15112,"template":"","meta":[],"product_cat":[683],"product_tag":[],"acf":[],"_links":{"self":[{"href":"https:\/\/dev.sos-shop.ch\/en\/wp-json\/wp\/v2\/product\/15111"}],"collection":[{"href":"https:\/\/dev.sos-shop.ch\/en\/wp-json\/wp\/v2\/product"}],"about":[{"href":"https:\/\/dev.sos-shop.ch\/en\/wp-json\/wp\/v2\/types\/product"}],"version-history":[{"count":0,"href":"https:\/\/dev.sos-shop.ch\/en\/wp-json\/wp\/v2\/product\/15111\/revisions"}],"wp:featuredmedia":[{"embeddable":true,"href":"https:\/\/dev.sos-shop.ch\/en\/wp-json\/wp\/v2\/media\/15112"}],"wp:attachment":[{"href":"https:\/\/dev.sos-shop.ch\/en\/wp-json\/wp\/v2\/media?parent=15111"}],"wp:term":[{"taxonomy":"product_cat","embeddable":true,"href":"https:\/\/dev.sos-shop.ch\/en\/wp-json\/wp\/v2\/product_cat?post=15111"},{"taxonomy":"product_tag","embeddable":true,"href":"https:\/\/dev.sos-shop.ch\/en\/wp-json\/wp\/v2\/product_tag?post=15111"}],"curies":[{"name":"wp","href":"https:\/\/api.w.org\/{rel}","templated":true}]}}