{"id":14903,"date":"2020-10-15T02:20:16","date_gmt":"2020-10-15T01:20:16","guid":{"rendered":"https:\/\/sos-shop.ch\/?post_type=product&#038;p=14903"},"modified":"2025-03-17T04:40:54","modified_gmt":"2025-03-17T03:40:54","slug":"ariel-all-in-1-pods-color-18-lessives__trashed","status":"publish","type":"product","link":"https:\/\/dev.sos-shop.ch\/en\/shop\/ariel-all-in-1-pods-color-18-lessives__trashed\/","title":{"rendered":"Ariel All-in-1 Pods Universal, 18 lessives"},"content":{"rendered":"<p>Excellent pouvoir nettoyant dans un petit POD. Les Ariel All-in-1 PODS Universal ont des compartiments s\u00e9par\u00e9s qui ne lib\u00e8rent leurs ingr\u00e9dients que lorsqu&#8217;ils sont n\u00e9cessaires pendant le processus de lavage. Ils offrent une performance de nettoyage tr\u00e8s compacte et combattent \u00e9galement une large gamme de taches. Les PODS All-in-1 convainquent par les puissantes performances de lavage habituelles d&#8217;Ariel. Ils donnent \u00e9galement \u00e0 votre linge un parfum merveilleux et prot\u00e8gent l&#8217;environnement. Les PODS sont efficaces \u00e0 partir de 20 degr\u00e9s et ne laissent aucun r\u00e9sidu micro-plastique. Votre film est 100% hydrosoluble et biod\u00e9gradable. Avertissement: ce produit peut \u00eatre nocif et provoquer des blessures graves. Les AOD All-in-1 PODS ne doivent pas \u00eatre entre les mains des enfants.<\/p>","protected":false},"excerpt":{"rendered":"<p>Excellent pouvoir nettoyant dans un petit POD. Les Ariel All-in-1 PODS Universal ont des compartiments s\u00e9par\u00e9s qui ne lib\u00e8rent leurs ingr\u00e9dients que lorsqu&#8217;ils sont n\u00e9cessaires pendant le processus de lavage. Ils offrent une performance de nettoyage tr\u00e8s compacte et combattent \u00e9galement une large gamme de taches. Les PODS All-in-1 convainquent par les puissantes performances de&hellip;<\/p>","protected":false},"featured_media":14904,"template":"","meta":[],"product_cat":[683],"product_tag":[],"acf":[],"_links":{"self":[{"href":"https:\/\/dev.sos-shop.ch\/en\/wp-json\/wp\/v2\/product\/14903"}],"collection":[{"href":"https:\/\/dev.sos-shop.ch\/en\/wp-json\/wp\/v2\/product"}],"about":[{"href":"https:\/\/dev.sos-shop.ch\/en\/wp-json\/wp\/v2\/types\/product"}],"version-history":[{"count":0,"href":"https:\/\/dev.sos-shop.ch\/en\/wp-json\/wp\/v2\/product\/14903\/revisions"}],"wp:featuredmedia":[{"embeddable":true,"href":"https:\/\/dev.sos-shop.ch\/en\/wp-json\/wp\/v2\/media\/14904"}],"wp:attachment":[{"href":"https:\/\/dev.sos-shop.ch\/en\/wp-json\/wp\/v2\/media?parent=14903"}],"wp:term":[{"taxonomy":"product_cat","embeddable":true,"href":"https:\/\/dev.sos-shop.ch\/en\/wp-json\/wp\/v2\/product_cat?post=14903"},{"taxonomy":"product_tag","embeddable":true,"href":"https:\/\/dev.sos-shop.ch\/en\/wp-json\/wp\/v2\/product_tag?post=14903"}],"curies":[{"name":"wp","href":"https:\/\/api.w.org\/{rel}","templated":true}]}}