{"id":14824,"date":"2020-10-14T21:07:30","date_gmt":"2020-10-14T20:07:30","guid":{"rendered":"https:\/\/sos-shop.ch\/?post_type=product&#038;p=14824"},"modified":"2025-03-17T04:40:54","modified_gmt":"2025-03-17T03:40:54","slug":"softlan-adoucissant-fraicheur-de-reve__trashed","status":"publish","type":"product","link":"https:\/\/dev.sos-shop.ch\/en\/shop\/softlan-adoucissant-fraicheur-de-reve__trashed\/","title":{"rendered":"Softlan Adoucissant Fleurs Muguet 1L"},"content":{"rendered":"<p><span lang=\"FR-CH\">Utilisez Softlan \u00e0 chaque lavage et b\u00e9n\u00e9ficiez de plusieurs avantages: une agr\u00e9able sensation de douceur, une fra\u00eecheur longue dur\u00e9e, une r\u00e9duction de la charge statique et un repassage facilit\u00e9.\u00a0<\/span>Plus doux que jamais, avec une fra\u00eecheur prolong\u00e9e.<\/p>","protected":false},"excerpt":{"rendered":"<p>Utilisez Softlan \u00e0 chaque lavage et b\u00e9n\u00e9ficiez de plusieurs avantages: une agr\u00e9able sensation de douceur, une fra\u00eecheur longue dur\u00e9e, une r\u00e9duction de la charge statique et un repassage facilit\u00e9.\u00a0Plus doux que jamais, avec une fra\u00eecheur prolong\u00e9e.<\/p>","protected":false},"featured_media":27433,"template":"","meta":[],"product_cat":[683],"product_tag":[],"acf":[],"_links":{"self":[{"href":"https:\/\/dev.sos-shop.ch\/en\/wp-json\/wp\/v2\/product\/14824"}],"collection":[{"href":"https:\/\/dev.sos-shop.ch\/en\/wp-json\/wp\/v2\/product"}],"about":[{"href":"https:\/\/dev.sos-shop.ch\/en\/wp-json\/wp\/v2\/types\/product"}],"version-history":[{"count":0,"href":"https:\/\/dev.sos-shop.ch\/en\/wp-json\/wp\/v2\/product\/14824\/revisions"}],"wp:featuredmedia":[{"embeddable":true,"href":"https:\/\/dev.sos-shop.ch\/en\/wp-json\/wp\/v2\/media\/27433"}],"wp:attachment":[{"href":"https:\/\/dev.sos-shop.ch\/en\/wp-json\/wp\/v2\/media?parent=14824"}],"wp:term":[{"taxonomy":"product_cat","embeddable":true,"href":"https:\/\/dev.sos-shop.ch\/en\/wp-json\/wp\/v2\/product_cat?post=14824"},{"taxonomy":"product_tag","embeddable":true,"href":"https:\/\/dev.sos-shop.ch\/en\/wp-json\/wp\/v2\/product_tag?post=14824"}],"curies":[{"name":"wp","href":"https:\/\/api.w.org\/{rel}","templated":true}]}}