{"id":14814,"date":"2020-10-14T19:48:08","date_gmt":"2020-10-14T18:48:08","guid":{"rendered":"https:\/\/sos-shop.ch\/?post_type=product&#038;p=14814"},"modified":"2025-03-17T04:40:54","modified_gmt":"2025-03-17T03:40:54","slug":"calgon-tabs-2-en-1-55-tablettes__trashed","status":"publish","type":"product","link":"https:\/\/dev.sos-shop.ch\/en\/shop\/calgon-tabs-2-en-1-55-tablettes__trashed\/","title":{"rendered":"Calgon Tabs 2 en 1, 55pcs"},"content":{"rendered":"<div id=\"descriptionAndDetails\" class=\"a-section a-spacing-extra-large\">\n<div id=\"productDescription_feature_div\" class=\"celwidget\" data-feature-name=\"productDescription\" data-csa-c-id=\"8u0u99-2waqre-f3xvaw-y7ejjk\" data-cel-widget=\"productDescription_feature_div\">\n<div id=\"productDescription_feature_div\" class=\"a-row feature\" data-feature-name=\"productDescription\" data-template-name=\"productDescription\" data-cel-widget=\"productDescription_feature_div\">\n<div id=\"productDescription\" class=\"a-section a-spacing-small\">\n<p>Aide \u00e0 prot\u00e9ger le tambour et les pi\u00e8ces en plastique contre les incrustations.\u00a0Aide \u00e0 prot\u00e9ger l&#8217;\u00e9l\u00e9ment de gu\u00e9rison contre le travail excessif et la d\u00e9gradation.\u00a0Contient des polycarboxylates actifs qui adoucissent l&#8217;ingr\u00e9dient de l&#8217;eau dure.\u00a0Aide \u00e0 garder une machine plus propre car la salet\u00e9 et les r\u00e9sidus de d\u00e9tergent peuvent rincer plus facilement.\u00a0L&#8217;adoucisseur d&#8217;eau Calgon 2 en 1 aide \u00e0 prot\u00e9ger et \u00e0 nettoyer votre machine \u00e0 laver afin qu&#8217;elle fonctionne au mieux, vous offrant un linge plus propre \u00e0 chaque lavage.\u00a0Les comprim\u00e9s de calgon \u00e9tant purement une mesure de pr\u00e9vention et non un d\u00e9tartrant, ils doivent \u00eatre ajout\u00e9s \u00e0 chaque lavage pour aider \u00e0 garder votre machine \u00e0 laver propre et exempte de calcaire.\u00a0Ils contiennent des polycarboxylates actifs qui adoucissent l&#8217;eau dure et pr\u00e9viennent la formation de d\u00e9p\u00f4ts de calcaire potentiellement dommageables \u00e0 l&#8217;int\u00e9rieur de votre machine \u00e0 laver, aident \u00e0 mieux fonctionner pour r\u00e9duire plus longtemps les mauvaises odeurs.<\/p>\n<\/div>\n<\/div>\n<\/div>\n<\/div>\n<div id=\"aplusBrandStory_feature_div\" class=\"celwidget\" data-feature-name=\"aplusBrandStory\" data-csa-c-id=\"owthf4-z7pwz0-quq2rz-66txbl\" data-cel-widget=\"aplusBrandStory_feature_div\"><\/div>\n<div id=\"importantInformation_feature_div\" class=\"celwidget\" data-feature-name=\"importantInformation\" data-csa-c-id=\"drfaj1-jztdrl-9pvpe2-dzx4r3\" data-cel-widget=\"importantInformation_feature_div\"><\/div>\n<ul class=\"a-unordered-list a-vertical a-spacing-mini\">\n<li><span class=\"a-list-item\">Onglets Calgon<\/span><\/li>\n<li><span class=\"a-list-item\">55 comprim\u00e9s<\/span><\/li>\n<li><span class=\"a-list-item\">Protection 2 en 1<\/span><\/li>\n<li><span class=\"a-list-item\">Protecteur de machine \u00e0 laver<\/span><\/li>\n<li><span class=\"a-list-item\">Aide \u00e0 emp\u00eacher la d\u00e9t\u00e9rioration des surfaces des tuyaux en<\/span><\/li>\n<\/ul>","protected":false},"excerpt":{"rendered":"<p>Aide \u00e0 prot\u00e9ger le tambour et les pi\u00e8ces en plastique contre les incrustations.\u00a0Aide \u00e0 prot\u00e9ger l&#8217;\u00e9l\u00e9ment de gu\u00e9rison contre le travail excessif et la d\u00e9gradation.\u00a0Contient des polycarboxylates actifs qui adoucissent l&#8217;ingr\u00e9dient de l&#8217;eau dure.\u00a0Aide \u00e0 garder une machine plus propre car la salet\u00e9 et les r\u00e9sidus de d\u00e9tergent peuvent rincer plus facilement.\u00a0L&#8217;adoucisseur d&#8217;eau Calgon 2&hellip;<\/p>","protected":false},"featured_media":14815,"template":"","meta":[],"product_cat":[683],"product_tag":[],"acf":[],"_links":{"self":[{"href":"https:\/\/dev.sos-shop.ch\/en\/wp-json\/wp\/v2\/product\/14814"}],"collection":[{"href":"https:\/\/dev.sos-shop.ch\/en\/wp-json\/wp\/v2\/product"}],"about":[{"href":"https:\/\/dev.sos-shop.ch\/en\/wp-json\/wp\/v2\/types\/product"}],"version-history":[{"count":0,"href":"https:\/\/dev.sos-shop.ch\/en\/wp-json\/wp\/v2\/product\/14814\/revisions"}],"wp:featuredmedia":[{"embeddable":true,"href":"https:\/\/dev.sos-shop.ch\/en\/wp-json\/wp\/v2\/media\/14815"}],"wp:attachment":[{"href":"https:\/\/dev.sos-shop.ch\/en\/wp-json\/wp\/v2\/media?parent=14814"}],"wp:term":[{"taxonomy":"product_cat","embeddable":true,"href":"https:\/\/dev.sos-shop.ch\/en\/wp-json\/wp\/v2\/product_cat?post=14814"},{"taxonomy":"product_tag","embeddable":true,"href":"https:\/\/dev.sos-shop.ch\/en\/wp-json\/wp\/v2\/product_tag?post=14814"}],"curies":[{"name":"wp","href":"https:\/\/api.w.org\/{rel}","templated":true}]}}