{"id":14609,"date":"2020-10-14T13:02:40","date_gmt":"2020-10-14T12:02:40","guid":{"rendered":"https:\/\/sos-shop.ch\/?post_type=product&#038;p=14609"},"modified":"2025-03-17T04:40:56","modified_gmt":"2025-03-17T03:40:56","slug":"wernli-biscuits-japonais__trashed","status":"publish","type":"product","link":"https:\/\/dev.sos-shop.ch\/en\/shop\/wernli-biscuits-japonais__trashed\/","title":{"rendered":"Wernli Biscuits Japonais 100g"},"content":{"rendered":"<p>&#8216;Biscuit meringu\u00e9 aux amandes fourr\u00e9 \u00e0 la cr\u00e8me de noisette (46%)&#8217;<br \/>\nBiscuit croustillant \u00e0 la meringu\u00e9e aux amandes et cr\u00e8me l\u00e9g\u00e8re aux noisettes.<\/p>","protected":false},"excerpt":{"rendered":"<p>&#8216;Biscuit meringu\u00e9 aux amandes fourr\u00e9 \u00e0 la cr\u00e8me de noisette (46%)&#8217; Biscuit croustillant \u00e0 la meringu\u00e9e aux amandes et cr\u00e8me l\u00e9g\u00e8re aux noisettes.<\/p>","protected":false},"featured_media":14610,"template":"","meta":[],"product_cat":[116],"product_tag":[],"acf":[],"_links":{"self":[{"href":"https:\/\/dev.sos-shop.ch\/en\/wp-json\/wp\/v2\/product\/14609"}],"collection":[{"href":"https:\/\/dev.sos-shop.ch\/en\/wp-json\/wp\/v2\/product"}],"about":[{"href":"https:\/\/dev.sos-shop.ch\/en\/wp-json\/wp\/v2\/types\/product"}],"version-history":[{"count":0,"href":"https:\/\/dev.sos-shop.ch\/en\/wp-json\/wp\/v2\/product\/14609\/revisions"}],"wp:featuredmedia":[{"embeddable":true,"href":"https:\/\/dev.sos-shop.ch\/en\/wp-json\/wp\/v2\/media\/14610"}],"wp:attachment":[{"href":"https:\/\/dev.sos-shop.ch\/en\/wp-json\/wp\/v2\/media?parent=14609"}],"wp:term":[{"taxonomy":"product_cat","embeddable":true,"href":"https:\/\/dev.sos-shop.ch\/en\/wp-json\/wp\/v2\/product_cat?post=14609"},{"taxonomy":"product_tag","embeddable":true,"href":"https:\/\/dev.sos-shop.ch\/en\/wp-json\/wp\/v2\/product_tag?post=14609"}],"curies":[{"name":"wp","href":"https:\/\/api.w.org\/{rel}","templated":true}]}}