{"id":14591,"date":"2020-10-14T13:21:44","date_gmt":"2020-10-14T12:21:44","guid":{"rendered":"https:\/\/sos-shop.ch\/?post_type=product&#038;p=14591"},"modified":"2025-03-17T04:40:56","modified_gmt":"2025-03-17T03:40:56","slug":"griesson-qlou-biscuit-choco__trashed","status":"publish","type":"product","link":"https:\/\/dev.sos-shop.ch\/en\/shop\/griesson-qlou-biscuit-choco__trashed\/","title":{"rendered":"Griesson QLOU biscuit choco 26g"},"content":{"rendered":"<table id=\"productDetails_techSpec_section_2\" class=\"a-keyvalue prodDetTable\" role=\"presentation\">\n<tbody>\n<tr>\n<th class=\"a-color-secondary a-size-base prodDetSectionEntry\"><span>Taille de la portion<\/span><\/th>\n<td class=\"a-size-base\"><span>100 grammes<\/span><\/td>\n<\/tr>\n<tr>\n<th class=\"a-color-secondary a-size-base prodDetSectionEntry\"><span>\u00c9nergie (kcal)<\/span><\/th>\n<td class=\"a-size-base\"><span>512 kcal<\/span><\/td>\n<\/tr>\n<tr>\n<th class=\"a-color-secondary a-size-base prodDetSectionEntry\"><span>graisse<\/span><\/th>\n<td class=\"a-size-base\"><span>25 grammes<\/span><\/td>\n<\/tr>\n<tr>\n<th class=\"a-color-secondary a-size-base prodDetSectionEntry\"><span>\u00e0 partir de ce:<\/span><\/th>\n<\/tr>\n<tr>\n<th class=\"a-color-secondary a-size-base prodDetSectionEntry\"><span>&#8211; Gras satur\u00e9<\/span><\/th>\n<td class=\"a-size-base\"><span>14 grammes<\/span><\/td>\n<\/tr>\n<tr>\n<th class=\"a-color-secondary a-size-base prodDetSectionEntry\"><span>les glucides<\/span><\/th>\n<td class=\"a-size-base\"><span>64 grammes<\/span><\/td>\n<\/tr>\n<tr>\n<th class=\"a-color-secondary a-size-base prodDetSectionEntry\"><span>\u00e0 partir de ce:<\/span><\/th>\n<\/tr>\n<tr>\n<th class=\"a-color-secondary a-size-base prodDetSectionEntry\"><span>&#8211; Sucre<\/span><\/th>\n<td class=\"a-size-base\"><span>37 grammes<\/span><\/td>\n<\/tr>\n<tr>\n<th class=\"a-color-secondary a-size-base prodDetSectionEntry\"><span>prot\u00e9ine<\/span><\/th>\n<td class=\"a-size-base\"><span>6,3 grammes<\/span><\/td>\n<\/tr>\n<tr>\n<th class=\"a-color-secondary a-size-base prodDetSectionEntry\"><span>sel<\/span><\/th>\n<td class=\"a-size-base\"><span>0,7 grammes<\/span><\/td>\n<\/tr>\n<\/tbody>\n<\/table>","protected":false},"excerpt":{"rendered":"<p>Taille de la portion 100 grammes \u00c9nergie (kcal) 512 kcal graisse 25 grammes \u00e0 partir de ce: &#8211; Gras satur\u00e9 14 grammes les glucides 64 grammes \u00e0 partir de ce: &#8211; Sucre 37 grammes prot\u00e9ine 6,3 grammes sel 0,7 grammes<\/p>","protected":false},"featured_media":14592,"template":"","meta":[],"product_cat":[116],"product_tag":[],"acf":[],"_links":{"self":[{"href":"https:\/\/dev.sos-shop.ch\/en\/wp-json\/wp\/v2\/product\/14591"}],"collection":[{"href":"https:\/\/dev.sos-shop.ch\/en\/wp-json\/wp\/v2\/product"}],"about":[{"href":"https:\/\/dev.sos-shop.ch\/en\/wp-json\/wp\/v2\/types\/product"}],"version-history":[{"count":0,"href":"https:\/\/dev.sos-shop.ch\/en\/wp-json\/wp\/v2\/product\/14591\/revisions"}],"wp:featuredmedia":[{"embeddable":true,"href":"https:\/\/dev.sos-shop.ch\/en\/wp-json\/wp\/v2\/media\/14592"}],"wp:attachment":[{"href":"https:\/\/dev.sos-shop.ch\/en\/wp-json\/wp\/v2\/media?parent=14591"}],"wp:term":[{"taxonomy":"product_cat","embeddable":true,"href":"https:\/\/dev.sos-shop.ch\/en\/wp-json\/wp\/v2\/product_cat?post=14591"},{"taxonomy":"product_tag","embeddable":true,"href":"https:\/\/dev.sos-shop.ch\/en\/wp-json\/wp\/v2\/product_tag?post=14591"}],"curies":[{"name":"wp","href":"https:\/\/api.w.org\/{rel}","templated":true}]}}