{"id":14570,"date":"2020-10-14T11:50:00","date_gmt":"2020-10-14T10:50:00","guid":{"rendered":"https:\/\/sos-shop.ch\/?post_type=product&#038;p=14570"},"modified":"2025-03-17T04:40:56","modified_gmt":"2025-03-17T03:40:56","slug":"oreo-cookies","status":"publish","type":"product","link":"https:\/\/dev.sos-shop.ch\/en\/shop\/oreo-cookies\/","title":{"rendered":"Oreo Original 154g"},"content":{"rendered":"<p>KAKAOKEKSE MIT EINER CR\u00c8MEF\u00dcLLUNG MIT VANILLEGESCHMACK (29%)<br \/>\nBiscuits au cacao fourr\u00e9s \u00e0 la cr\u00e8me \u00e0 la vanille (29%).\u00a0154g.<\/p>","protected":false},"excerpt":{"rendered":"<p>KAKAOKEKSE MIT EINER CR\u00c8MEF\u00dcLLUNG MIT VANILLEGESCHMACK (29%) Biscuits au cacao fourr\u00e9s \u00e0 la cr\u00e8me \u00e0 la vanille (29%).\u00a0154g.<\/p>","protected":false},"featured_media":14572,"template":"","meta":[],"product_cat":[116],"product_tag":[],"acf":[],"_links":{"self":[{"href":"https:\/\/dev.sos-shop.ch\/en\/wp-json\/wp\/v2\/product\/14570"}],"collection":[{"href":"https:\/\/dev.sos-shop.ch\/en\/wp-json\/wp\/v2\/product"}],"about":[{"href":"https:\/\/dev.sos-shop.ch\/en\/wp-json\/wp\/v2\/types\/product"}],"version-history":[{"count":0,"href":"https:\/\/dev.sos-shop.ch\/en\/wp-json\/wp\/v2\/product\/14570\/revisions"}],"wp:featuredmedia":[{"embeddable":true,"href":"https:\/\/dev.sos-shop.ch\/en\/wp-json\/wp\/v2\/media\/14572"}],"wp:attachment":[{"href":"https:\/\/dev.sos-shop.ch\/en\/wp-json\/wp\/v2\/media?parent=14570"}],"wp:term":[{"taxonomy":"product_cat","embeddable":true,"href":"https:\/\/dev.sos-shop.ch\/en\/wp-json\/wp\/v2\/product_cat?post=14570"},{"taxonomy":"product_tag","embeddable":true,"href":"https:\/\/dev.sos-shop.ch\/en\/wp-json\/wp\/v2\/product_tag?post=14570"}],"curies":[{"name":"wp","href":"https:\/\/api.w.org\/{rel}","templated":true}]}}