{"id":14354,"date":"2020-10-14T06:02:44","date_gmt":"2020-10-14T05:02:44","guid":{"rendered":"https:\/\/sos-shop.ch\/?post_type=product&#038;p=14354"},"modified":"2025-03-17T04:40:58","modified_gmt":"2025-03-17T03:40:58","slug":"ragusa","status":"publish","type":"product","link":"https:\/\/dev.sos-shop.ch\/en\/shop\/ragusa\/","title":{"rendered":"Ragusa 125g"},"content":{"rendered":"<p><span>&#8216;Tablette enrob\u00e9e de chocolat fourr\u00e9e au pralin\u00e9 et aux noisettes enti\u00e8res&#8217;<\/span><br \/>\n<span>Tablette\u00a0chocolat\u00e9e fourr\u00e9e au pralin\u00e9 et aux noisettes\u00a0enti\u00e8res<\/span><\/p>","protected":false},"excerpt":{"rendered":"<p>&#8216;Tablette enrob\u00e9e de chocolat fourr\u00e9e au pralin\u00e9 et aux noisettes enti\u00e8res&#8217; Tablette\u00a0chocolat\u00e9e fourr\u00e9e au pralin\u00e9 et aux noisettes\u00a0enti\u00e8res<\/p>","protected":false},"featured_media":14355,"template":"","meta":[],"product_cat":[116],"product_tag":[],"acf":[],"_links":{"self":[{"href":"https:\/\/dev.sos-shop.ch\/en\/wp-json\/wp\/v2\/product\/14354"}],"collection":[{"href":"https:\/\/dev.sos-shop.ch\/en\/wp-json\/wp\/v2\/product"}],"about":[{"href":"https:\/\/dev.sos-shop.ch\/en\/wp-json\/wp\/v2\/types\/product"}],"version-history":[{"count":0,"href":"https:\/\/dev.sos-shop.ch\/en\/wp-json\/wp\/v2\/product\/14354\/revisions"}],"wp:featuredmedia":[{"embeddable":true,"href":"https:\/\/dev.sos-shop.ch\/en\/wp-json\/wp\/v2\/media\/14355"}],"wp:attachment":[{"href":"https:\/\/dev.sos-shop.ch\/en\/wp-json\/wp\/v2\/media?parent=14354"}],"wp:term":[{"taxonomy":"product_cat","embeddable":true,"href":"https:\/\/dev.sos-shop.ch\/en\/wp-json\/wp\/v2\/product_cat?post=14354"},{"taxonomy":"product_tag","embeddable":true,"href":"https:\/\/dev.sos-shop.ch\/en\/wp-json\/wp\/v2\/product_tag?post=14354"}],"curies":[{"name":"wp","href":"https:\/\/api.w.org\/{rel}","templated":true}]}}