{"id":14259,"date":"2020-10-14T04:15:51","date_gmt":"2020-10-14T03:15:51","guid":{"rendered":"https:\/\/sos-shop.ch\/?post_type=product&#038;p=14259"},"modified":"2025-03-17T04:40:58","modified_gmt":"2025-03-17T03:40:58","slug":"ferrero-nutella-b-ready__trashed","status":"publish","type":"product","link":"https:\/\/dev.sos-shop.ch\/en\/shop\/ferrero-nutella-b-ready__trashed\/","title":{"rendered":"Ferrero Nutella B-Ready 132g"},"content":{"rendered":"<p>Les mini gaufrettes croustillantes Nutella B-ready sont remplies de d\u00e9licieuses tartinades aux noisettes et de croustillants au bl\u00e9 croquants.\u00a0Une bo\u00eete est livr\u00e9e en multipacks de 6, toutes emball\u00e9es individuellement et id\u00e9ales pour toute la famille.\u00a0Collation id\u00e9ale pour le petit-d\u00e9jeuner le matin, entre le travail ou une collation sur le pouce.<\/p>","protected":false},"excerpt":{"rendered":"<p>Les mini gaufrettes croustillantes Nutella B-ready sont remplies de d\u00e9licieuses tartinades aux noisettes et de croustillants au bl\u00e9 croquants.\u00a0Une bo\u00eete est livr\u00e9e en multipacks de 6, toutes emball\u00e9es individuellement et id\u00e9ales pour toute la famille.\u00a0Collation id\u00e9ale pour le petit-d\u00e9jeuner le matin, entre le travail ou une collation sur le pouce.<\/p>","protected":false},"featured_media":14260,"template":"","meta":[],"product_cat":[116],"product_tag":[],"acf":[],"_links":{"self":[{"href":"https:\/\/dev.sos-shop.ch\/en\/wp-json\/wp\/v2\/product\/14259"}],"collection":[{"href":"https:\/\/dev.sos-shop.ch\/en\/wp-json\/wp\/v2\/product"}],"about":[{"href":"https:\/\/dev.sos-shop.ch\/en\/wp-json\/wp\/v2\/types\/product"}],"version-history":[{"count":0,"href":"https:\/\/dev.sos-shop.ch\/en\/wp-json\/wp\/v2\/product\/14259\/revisions"}],"wp:featuredmedia":[{"embeddable":true,"href":"https:\/\/dev.sos-shop.ch\/en\/wp-json\/wp\/v2\/media\/14260"}],"wp:attachment":[{"href":"https:\/\/dev.sos-shop.ch\/en\/wp-json\/wp\/v2\/media?parent=14259"}],"wp:term":[{"taxonomy":"product_cat","embeddable":true,"href":"https:\/\/dev.sos-shop.ch\/en\/wp-json\/wp\/v2\/product_cat?post=14259"},{"taxonomy":"product_tag","embeddable":true,"href":"https:\/\/dev.sos-shop.ch\/en\/wp-json\/wp\/v2\/product_tag?post=14259"}],"curies":[{"name":"wp","href":"https:\/\/api.w.org\/{rel}","templated":true}]}}