{"id":14244,"date":"2020-10-14T04:00:46","date_gmt":"2020-10-14T03:00:46","guid":{"rendered":"https:\/\/sos-shop.ch\/?post_type=product&#038;p=14244"},"modified":"2025-03-17T04:40:58","modified_gmt":"2025-03-17T03:40:58","slug":"mixed-minis__trashed","status":"publish","type":"product","link":"https:\/\/dev.sos-shop.ch\/en\/shop\/mixed-minis__trashed\/","title":{"rendered":"Mixed Minis"},"content":{"rendered":"<p>&#8216;MARS &#8211; Chocolat au lait (36%) avec nougat tendre (34%) et centre caramel (29%) SNICKERS &#8211; Chocolat au lait avec nougat tendre (16%)&#8217; &#8216;et centre caramel (27%) avec arachides fra\u00eeches torr\u00e9fi\u00e9es (22%) ) BOUNTY &#8211; Noix de coco tendre moelleuse enrob\u00e9e de chocolat au lait (36%) MI&#8221;LKY WAY &#8211; Chocolat au lait (38%) avec un centre blanc l\u00e9g\u00e8rement fouett\u00e9 (62%) TWIX &#8211; Caramel enrob\u00e9 de chocolat au lait (35%) (32%) et&#8221;biscuit (26%) &#8221;<\/p>\n<h5 class=\"nutritionInformation-heading\"><span class=\"nutritionInformation-heading__label\"><span>Valeurs nutritionnelles par: <\/span><\/span>100g 1 portion (18g)<\/h5>\n<div class=\"list--dotted__wrapper\">\n<ul class=\"list--dotted col-12 col-md-5\">\n<li class=\"list--dotted-item\"><span class=\"list--dotted-item__label\" data-nutritioninformation-list-item__label=\"\"><span class=\"list--dotted-item__label-text\"><span>\u00c9nergie en kJ<\/span><\/span><\/span><span class=\"list--dotted-item__amount\"><span data-nutritioninformation-list-item-value=\"\">Californie.\u00a01864<\/span><\/span><\/li>\n<li class=\"list--dotted-item\"><span class=\"list--dotted-item__label\" data-nutritioninformation-list-item__label=\"\"><span class=\"list--dotted-item__label-text\"><span>\u00c9nergie en kcal<\/span><\/span><\/span><span class=\"list--dotted-item__amount\"><span data-nutritioninformation-list-item-value=\"\">Californie.\u00a0443<\/span><\/span><\/li>\n<li class=\"list--dotted-item\"><span class=\"list--dotted-item__label\" data-nutritioninformation-list-item__label=\"\"><span class=\"list--dotted-item__label-text\"><span>Graisse<\/span><\/span><\/span><span class=\"list--dotted-item__amount\"><span data-nutritioninformation-list-item-value=\"\">Californie.\u00a015 g<\/span><\/span><\/li>\n<li class=\"list--dotted-item list--dotted-item--indented\"><span class=\"list--dotted-item__label\" data-nutritioninformation-list-item__label=\"\"><span class=\"list--dotted-item__label-text\"><span>les acides gras satur\u00e9s<\/span><\/span><\/span><span class=\"list--dotted-item__amount\"><span data-nutritioninformation-list-item-value=\"\">Californie.\u00a07,1 g<\/span><\/span><\/li>\n<\/ul>\n<ul class=\"list--dotted col-12 col-md-5\">\n<li class=\"list--dotted-item\"><span class=\"list--dotted-item__label\" data-nutritioninformation-list-item__label=\"\"><span class=\"list--dotted-item__label-text\"><span>Glucides<\/span><\/span><\/span><span class=\"list--dotted-item__amount\"><span data-nutritioninformation-list-item-value=\"\">Californie.\u00a073,4 g<\/span><\/span><\/li>\n<li class=\"list--dotted-item list--dotted-item--indented\"><span class=\"list--dotted-item__label\" data-nutritioninformation-list-item__label=\"\"><span class=\"list--dotted-item__label-text\"><span>dont les sucres<\/span><\/span><\/span><span class=\"list--dotted-item__amount\"><span data-nutritioninformation-list-item-value=\"\">Californie.\u00a066,2 g<\/span><\/span><\/li>\n<li class=\"list--dotted-item\"><span class=\"list--dotted-item__label\" data-nutritioninformation-list-item__label=\"\"><span class=\"list--dotted-item__label-text\"><span>Prot\u00e9ine<\/span><\/span><\/span><span class=\"list--dotted-item__amount\"><span data-nutritioninformation-list-item-value=\"\">Californie.\u00a03,3 g<\/span><\/span><\/li>\n<li class=\"list--dotted-item\"><span class=\"list--dotted-item__label\" data-nutritioninformation-list-item__label=\"\"><span class=\"list--dotted-item__label-text\"><span>Sel<\/span><\/span><\/span><span class=\"list--dotted-item__amount\"><span data-nutritioninformation-list-item-value=\"\">Californie.\u00a00,54 g<\/span><\/span><\/li>\n<\/ul>\n<\/div>","protected":false},"excerpt":{"rendered":"<p>&#8216;MARS &#8211; Chocolat au lait (36%) avec nougat tendre (34%) et centre caramel (29%) SNICKERS &#8211; Chocolat au lait avec nougat tendre (16%)&#8217; &#8216;et centre caramel (27%) avec arachides fra\u00eeches torr\u00e9fi\u00e9es (22%) ) BOUNTY &#8211; Noix de coco tendre moelleuse enrob\u00e9e de chocolat au lait (36%) MI&#8221;LKY WAY &#8211; Chocolat au lait (38%) avec un&hellip;<\/p>","protected":false},"featured_media":14245,"template":"","meta":[],"product_cat":[116],"product_tag":[],"acf":[],"_links":{"self":[{"href":"https:\/\/dev.sos-shop.ch\/en\/wp-json\/wp\/v2\/product\/14244"}],"collection":[{"href":"https:\/\/dev.sos-shop.ch\/en\/wp-json\/wp\/v2\/product"}],"about":[{"href":"https:\/\/dev.sos-shop.ch\/en\/wp-json\/wp\/v2\/types\/product"}],"version-history":[{"count":0,"href":"https:\/\/dev.sos-shop.ch\/en\/wp-json\/wp\/v2\/product\/14244\/revisions"}],"wp:featuredmedia":[{"embeddable":true,"href":"https:\/\/dev.sos-shop.ch\/en\/wp-json\/wp\/v2\/media\/14245"}],"wp:attachment":[{"href":"https:\/\/dev.sos-shop.ch\/en\/wp-json\/wp\/v2\/media?parent=14244"}],"wp:term":[{"taxonomy":"product_cat","embeddable":true,"href":"https:\/\/dev.sos-shop.ch\/en\/wp-json\/wp\/v2\/product_cat?post=14244"},{"taxonomy":"product_tag","embeddable":true,"href":"https:\/\/dev.sos-shop.ch\/en\/wp-json\/wp\/v2\/product_tag?post=14244"}],"curies":[{"name":"wp","href":"https:\/\/api.w.org\/{rel}","templated":true}]}}