{"id":14195,"date":"2020-10-13T22:55:46","date_gmt":"2020-10-13T21:55:46","guid":{"rendered":"https:\/\/sos-shop.ch\/?post_type=product&#038;p=14195"},"modified":"2025-03-17T04:40:59","modified_gmt":"2025-03-17T03:40:59","slug":"lindt-boules-lindor-au-lait__trashed","status":"publish","type":"product","link":"https:\/\/dev.sos-shop.ch\/en\/shop\/lindt-boules-lindor-au-lait__trashed\/","title":{"rendered":"Lindt boules Lindor au lait"},"content":{"rendered":"<p>Chocolat suisse au lait, fourr\u00e9 d\u2019un supr\u00eame fondant<br \/>\nChocolat suisse au lait, fourr\u00e9 d\u2019un supr\u00eame fondant. 500g.<br \/>\nSavourez Lindor &#8211; un moment qui n&#8217;appartient qu&#8217;\u00e0 vous. D\u00e9couvrez le c\u0153ur infiniment fondant de Lindor dans son \u00e9crin de fin chocolat Lindt, et laissez-vous emporter l\u00e0 o\u00f9 les r\u00eaves chocolat\u00e9s deviennent r\u00e9alit\u00e9. Lindor, une cr\u00e9ation des Ma\u00eetres Chocolatiers de Lindt. Passion et amour pour le chocolat depuis 1845.<\/p>\n<p>Ma\u00eetre Chocolatier suisse depuis 1845<\/p>\n<p>&nbsp;<\/p>\n<p>Valeurs nutritionnelles<\/p>\n<table class=\"mat-table cdk-table\" role=\"grid\">\n<thead role=\"rowgroup\">\n<tr class=\"mat-header-row cdk-header-row ng-star-inserted\" role=\"row\">\n<th class=\"mat-header-cell cdk-header-cell cdk-column-nutritional-values mat-column-nutritional-values ng-star-inserted\" role=\"columnheader\"><\/th>\n<th class=\"mat-header-cell cdk-header-cell cdk-column-STANDARD mat-column-STANDARD ng-star-inserted\" role=\"columnheader\"><span>100g<\/span><\/th>\n<\/tr>\n<\/thead>\n<tbody role=\"rowgroup\">\n<tr class=\"mat-row cdk-row ng-star-inserted\" role=\"row\">\n<td class=\"mat-cell cdk-cell cdk-column-nutritional-values mat-column-nutritional-values ng-star-inserted\" role=\"gridcell\">\u00c9nergie<\/td>\n<td class=\"mat-cell cdk-cell cdk-column-STANDARD mat-column-STANDARD ng-star-inserted\" role=\"gridcell\"><span>2607,0kj (630,0kcal)<\/span><\/td>\n<\/tr>\n<tr class=\"mat-row cdk-row ng-star-inserted\" role=\"row\">\n<td class=\"mat-cell cdk-cell cdk-column-nutritional-values mat-column-nutritional-values ng-star-inserted\" role=\"gridcell\">Lipides<\/td>\n<td class=\"mat-cell cdk-cell cdk-column-STANDARD mat-column-STANDARD ng-star-inserted\" role=\"gridcell\"><span>52 grammes<\/span><\/td>\n<\/tr>\n<tr class=\"mat-row cdk-row ng-star-inserted\" role=\"row\">\n<td class=\"mat-cell cdk-cell cdk-column-nutritional-values mat-column-nutritional-values ng-star-inserted\" role=\"gridcell\">dont acides gras<\/td>\n<td class=\"mat-cell cdk-cell cdk-column-STANDARD mat-column-STANDARD ng-star-inserted\" role=\"gridcell\"><span>39 grammes<\/span><\/td>\n<\/tr>\n<tr class=\"mat-row cdk-row ng-star-inserted\" role=\"row\">\n<td class=\"mat-cell cdk-cell cdk-column-nutritional-values mat-column-nutritional-values ng-star-inserted\" role=\"gridcell\">Glucides<\/td>\n<td class=\"mat-cell cdk-cell cdk-column-STANDARD mat-column-STANDARD ng-star-inserted\" role=\"gridcell\"><span>28 grammes<\/span><\/td>\n<\/tr>\n<tr class=\"mat-row cdk-row ng-star-inserted\" role=\"row\">\n<td class=\"mat-cell cdk-cell cdk-column-nutritional-values mat-column-nutritional-values ng-star-inserted\" role=\"gridcell\">dont Sucres<\/td>\n<td class=\"mat-cell cdk-cell cdk-column-STANDARD mat-column-STANDARD ng-star-inserted\" role=\"gridcell\"><span>25 grammes<\/span><\/td>\n<\/tr>\n<tr class=\"mat-row cdk-row ng-star-inserted\" role=\"row\">\n<td class=\"mat-cell cdk-cell cdk-column-nutritional-values mat-column-nutritional-values ng-star-inserted\" role=\"gridcell\">Prot\u00e9ines<\/td>\n<td class=\"mat-cell cdk-cell cdk-column-STANDARD mat-column-STANDARD ng-star-inserted\" role=\"gridcell\"><span>6,7 g<\/span><\/td>\n<\/tr>\n<tr class=\"mat-row cdk-row ng-star-inserted\" role=\"row\">\n<td class=\"mat-cell cdk-cell cdk-column-nutritional-values mat-column-nutritional-values ng-star-inserted\" role=\"gridcell\"><span>Sodium<\/span><\/td>\n<td class=\"mat-cell cdk-cell cdk-column-STANDARD mat-column-STANDARD ng-star-inserted\" role=\"gridcell\"><span>0,09 g<\/span><\/td>\n<\/tr>\n<tr class=\"mat-row cdk-row ng-star-inserted\" role=\"row\">\n<td class=\"mat-cell cdk-cell cdk-column-nutritional-values mat-column-nutritional-values ng-star-inserted\" role=\"gridcell\"><span>Cellule<\/span><\/td>\n<td class=\"mat-cell cdk-cell cdk-column-STANDARD mat-column-STANDARD ng-star-inserted\" role=\"gridcell\"><span>0,22 g<\/span><\/td>\n<\/tr>\n<\/tbody>\n<\/table>","protected":false},"excerpt":{"rendered":"<p>Chocolat suisse au lait, fourr\u00e9 d\u2019un supr\u00eame fondant Chocolat suisse au lait, fourr\u00e9 d\u2019un supr\u00eame fondant. 500g. Savourez Lindor &#8211; un moment qui n&#8217;appartient qu&#8217;\u00e0 vous. D\u00e9couvrez le c\u0153ur infiniment fondant de Lindor dans son \u00e9crin de fin chocolat Lindt, et laissez-vous emporter l\u00e0 o\u00f9 les r\u00eaves chocolat\u00e9s deviennent r\u00e9alit\u00e9. Lindor, une cr\u00e9ation des Ma\u00eetres&hellip;<\/p>","protected":false},"featured_media":14192,"template":"","meta":[],"product_cat":[116],"product_tag":[],"acf":[],"_links":{"self":[{"href":"https:\/\/dev.sos-shop.ch\/en\/wp-json\/wp\/v2\/product\/14195"}],"collection":[{"href":"https:\/\/dev.sos-shop.ch\/en\/wp-json\/wp\/v2\/product"}],"about":[{"href":"https:\/\/dev.sos-shop.ch\/en\/wp-json\/wp\/v2\/types\/product"}],"version-history":[{"count":0,"href":"https:\/\/dev.sos-shop.ch\/en\/wp-json\/wp\/v2\/product\/14195\/revisions"}],"wp:featuredmedia":[{"embeddable":true,"href":"https:\/\/dev.sos-shop.ch\/en\/wp-json\/wp\/v2\/media\/14192"}],"wp:attachment":[{"href":"https:\/\/dev.sos-shop.ch\/en\/wp-json\/wp\/v2\/media?parent=14195"}],"wp:term":[{"taxonomy":"product_cat","embeddable":true,"href":"https:\/\/dev.sos-shop.ch\/en\/wp-json\/wp\/v2\/product_cat?post=14195"},{"taxonomy":"product_tag","embeddable":true,"href":"https:\/\/dev.sos-shop.ch\/en\/wp-json\/wp\/v2\/product_tag?post=14195"}],"curies":[{"name":"wp","href":"https:\/\/api.w.org\/{rel}","templated":true}]}}