{"id":13968,"date":"2020-10-13T11:46:22","date_gmt":"2020-10-13T10:46:22","guid":{"rendered":"https:\/\/sos-shop.ch\/?post_type=product&#038;p=13968"},"modified":"2025-03-17T04:41:01","modified_gmt":"2025-03-17T03:41:01","slug":"old-el-paso-tortillas-de-farine-de-ble-souples","status":"publish","type":"product","link":"https:\/\/dev.sos-shop.ch\/en\/shop\/old-el-paso-tortillas-de-farine-de-ble-souples\/","title":{"rendered":"Old el Paso 6 Wrap Tortillas 350g"},"content":{"rendered":"<p><span data-sheets-value=\"{&quot;1&quot;:2,&quot;2&quot;:&quot;Les tortillas signifient litt\u00e9ralement \u00abpetites tartes\u00bb et sont des galettes rondes et minces \u00e0 base de farine de bl\u00e9. Cette variante plus grande des tortillas de bl\u00e9 peut elle aussi \u00eatre farcie avec de la viande, des haricots, du fromage ou des l\u00e9gumes puis roul\u00e9e pour former un wrap. &quot;}\" data-sheets-userformat=\"{&quot;2&quot;:4737,&quot;3&quot;:{&quot;1&quot;:0},&quot;10&quot;:2,&quot;12&quot;:0,&quot;15&quot;:&quot;Arial&quot;}\">Les tortillas signifient litt\u00e9ralement \u00abpetites tartes\u00bb et sont des galettes rondes et minces \u00e0 base de farine de bl\u00e9. Cette variante plus grande des tortillas de bl\u00e9 peut elle aussi \u00eatre farcie avec de la viande, des haricots, du fromage ou des l\u00e9gumes puis roul\u00e9e pour former un wrap. <\/span><\/p>","protected":false},"excerpt":{"rendered":"<p>Les tortillas signifient litt\u00e9ralement \u00abpetites tartes\u00bb et sont des galettes rondes et minces \u00e0 base de farine de bl\u00e9. Cette variante plus grande des tortillas de bl\u00e9 peut elle aussi \u00eatre farcie avec de la viande, des haricots, du fromage ou des l\u00e9gumes puis roul\u00e9e pour former un wrap.<\/p>","protected":false},"featured_media":13965,"template":"","meta":[],"product_cat":[116],"product_tag":[],"acf":[],"_links":{"self":[{"href":"https:\/\/dev.sos-shop.ch\/en\/wp-json\/wp\/v2\/product\/13968"}],"collection":[{"href":"https:\/\/dev.sos-shop.ch\/en\/wp-json\/wp\/v2\/product"}],"about":[{"href":"https:\/\/dev.sos-shop.ch\/en\/wp-json\/wp\/v2\/types\/product"}],"version-history":[{"count":0,"href":"https:\/\/dev.sos-shop.ch\/en\/wp-json\/wp\/v2\/product\/13968\/revisions"}],"wp:featuredmedia":[{"embeddable":true,"href":"https:\/\/dev.sos-shop.ch\/en\/wp-json\/wp\/v2\/media\/13965"}],"wp:attachment":[{"href":"https:\/\/dev.sos-shop.ch\/en\/wp-json\/wp\/v2\/media?parent=13968"}],"wp:term":[{"taxonomy":"product_cat","embeddable":true,"href":"https:\/\/dev.sos-shop.ch\/en\/wp-json\/wp\/v2\/product_cat?post=13968"},{"taxonomy":"product_tag","embeddable":true,"href":"https:\/\/dev.sos-shop.ch\/en\/wp-json\/wp\/v2\/product_tag?post=13968"}],"curies":[{"name":"wp","href":"https:\/\/api.w.org\/{rel}","templated":true}]}}