{"id":13714,"date":"2020-10-12T14:24:31","date_gmt":"2020-10-12T13:24:31","guid":{"rendered":"https:\/\/sos-shop.ch\/?post_type=product&#038;p=13714"},"modified":"2025-03-17T04:41:03","modified_gmt":"2025-03-17T03:41:03","slug":"enerbio-puree-de-tomates-3x-concentre","status":"publish","type":"product","link":"https:\/\/dev.sos-shop.ch\/en\/shop\/enerbio-puree-de-tomates-3x-concentre\/","title":{"rendered":"Ener BiO Pur\u00e9e de tomates 200g"},"content":{"rendered":"<ul>\n<li>P\u00e2te de tomate concentr\u00e9e au double<\/li>\n<li>De tomates italiennes<\/li>\n<li>Contenu : 200 g<\/li>\n<li>Pour l&#8217;assaisonnement et le raffinage<\/li>\n<li>V\u00e9g\u00e9talien, sans gluten ni lactose<\/li>\n<li>des ingr\u00e9dients issus de la culture biologique contr\u00f4l\u00e9e<\/li>\n<\/ul>","protected":false},"excerpt":{"rendered":"<p>P\u00e2te de tomate concentr\u00e9e au double De tomates italiennes Contenu : 200 g Pour l&#8217;assaisonnement et le raffinage V\u00e9g\u00e9talien, sans gluten ni lactose des ingr\u00e9dients issus de la culture biologique contr\u00f4l\u00e9e<\/p>","protected":false},"featured_media":13797,"template":"","meta":[],"product_cat":[380],"product_tag":[],"acf":[],"_links":{"self":[{"href":"https:\/\/dev.sos-shop.ch\/en\/wp-json\/wp\/v2\/product\/13714"}],"collection":[{"href":"https:\/\/dev.sos-shop.ch\/en\/wp-json\/wp\/v2\/product"}],"about":[{"href":"https:\/\/dev.sos-shop.ch\/en\/wp-json\/wp\/v2\/types\/product"}],"version-history":[{"count":0,"href":"https:\/\/dev.sos-shop.ch\/en\/wp-json\/wp\/v2\/product\/13714\/revisions"}],"wp:featuredmedia":[{"embeddable":true,"href":"https:\/\/dev.sos-shop.ch\/en\/wp-json\/wp\/v2\/media\/13797"}],"wp:attachment":[{"href":"https:\/\/dev.sos-shop.ch\/en\/wp-json\/wp\/v2\/media?parent=13714"}],"wp:term":[{"taxonomy":"product_cat","embeddable":true,"href":"https:\/\/dev.sos-shop.ch\/en\/wp-json\/wp\/v2\/product_cat?post=13714"},{"taxonomy":"product_tag","embeddable":true,"href":"https:\/\/dev.sos-shop.ch\/en\/wp-json\/wp\/v2\/product_tag?post=13714"}],"curies":[{"name":"wp","href":"https:\/\/api.w.org\/{rel}","templated":true}]}}