{"id":13192,"date":"2020-10-09T12:00:08","date_gmt":"2020-10-09T11:00:08","guid":{"rendered":"https:\/\/sos-shop.ch\/?post_type=product&#038;p=13192"},"modified":"2025-03-17T04:41:08","modified_gmt":"2025-03-17T03:41:08","slug":"hero-gourmets-puree-de-pommes","status":"publish","type":"product","link":"https:\/\/dev.sos-shop.ch\/en\/shop\/hero-gourmets-puree-de-pommes\/","title":{"rendered":"Hero Gourmets pur\u00e9e de pommes 430g"},"content":{"rendered":"<p><span class=\"lt-line-clamp__line\">Pur\u00e9e de pommes classique \u00e0 l&#8217;ar\u00f4me intense, pr\u00e9par\u00e9e \u00e0<\/span>\u00a0<span class=\"lt-line-clamp__line\">partir de pommes m\u00fbres et sucr\u00e9es. \u00c9dulcor\u00e9e avec du sucre<\/span>\u00a0<span class=\"lt-line-clamp__line lt-line-clamp__line--last\">cristallis\u00e9.<\/span><\/p>\n<div class=\"c-tab-table__tabs-heading\">\n<h5 class=\"c-tab-table__tabs-title\">Tableau nutritionnel par 100g<\/h5>\n<\/div>\n<div id=\"ember751\" class=\"ember-view ivy-tabs-tabpanel active\" role=\"tabpanel\" aria-hidden=\"false\" aria-labelledby=\"ember722\">\n<div class=\"c-tab-table__tabs-content-wrapper\">\n<table class=\"c-tab-table__table\">\n<tbody>\n<tr class=\"c-tab-table__row\">\n<td class=\"c-tab-table__data\">\u00c9nergie<\/td>\n<td class=\"c-tab-table__data c-tab-table__data--value\"><span>335 kJ<\/span><\/td>\n<\/tr>\n<tr class=\"c-tab-table__row\">\n<td class=\"c-tab-table__data\"><span>\u00c9nergie<\/span><\/td>\n<td class=\"c-tab-table__data c-tab-table__data--value\"><span>79 kcal<\/span><\/td>\n<\/tr>\n<tr class=\"c-tab-table__row\">\n<td class=\"c-tab-table__data\">Mati\u00e8res grasses<\/td>\n<td class=\"c-tab-table__data c-tab-table__data--value\"><span>0 g<\/span><\/td>\n<\/tr>\n<tr class=\"c-tab-table__row\">\n<td class=\"c-tab-table__data c-tab-table__data--indent-1\">dont acides gras satur\u00e9s<\/td>\n<td class=\"c-tab-table__data c-tab-table__data--value\"><span>0 g<\/span><\/td>\n<\/tr>\n<tr class=\"c-tab-table__row\">\n<td class=\"c-tab-table__data\">Glucides<\/td>\n<td class=\"c-tab-table__data c-tab-table__data--value\"><span>17 grammes<\/span><\/td>\n<\/tr>\n<tr class=\"c-tab-table__row\">\n<td class=\"c-tab-table__data c-tab-table__data--indent-1\">dont sucres<\/td>\n<td class=\"c-tab-table__data c-tab-table__data--value\"><span>15 grammes<\/span><\/td>\n<\/tr>\n<tr class=\"c-tab-table__row\">\n<td class=\"c-tab-table__data\">Fibres alimentaires<\/td>\n<td class=\"c-tab-table__data c-tab-table__data--value\"><span>1,5 g<\/span><\/td>\n<\/tr>\n<tr class=\"c-tab-table__row\">\n<td class=\"c-tab-table__data\">Prot\u00e9ines<\/td>\n<td class=\"c-tab-table__data c-tab-table__data--value\"><span>0 g<\/span><\/td>\n<\/tr>\n<tr class=\"c-tab-table__row\">\n<td class=\"c-tab-table__data\"><span>Cellule<\/span><\/td>\n<td class=\"c-tab-table__data c-tab-table__data--value\"><span>0,01 g<\/span><\/td>\n<\/tr>\n<\/tbody>\n<\/table>\n<\/div>\n<\/div>","protected":false},"excerpt":{"rendered":"<p>Pur\u00e9e de pommes classique \u00e0 l&#8217;ar\u00f4me intense, pr\u00e9par\u00e9e \u00e0\u00a0partir de pommes m\u00fbres et sucr\u00e9es. \u00c9dulcor\u00e9e avec du sucre\u00a0cristallis\u00e9. Tableau nutritionnel par 100g \u00c9nergie 335 kJ \u00c9nergie 79 kcal Mati\u00e8res grasses 0 g dont acides gras satur\u00e9s 0 g Glucides 17 grammes dont sucres 15 grammes Fibres alimentaires 1,5 g Prot\u00e9ines 0 g Cellule 0,01 g<\/p>","protected":false},"featured_media":13194,"template":"","meta":[],"product_cat":[116],"product_tag":[],"acf":[],"_links":{"self":[{"href":"https:\/\/dev.sos-shop.ch\/en\/wp-json\/wp\/v2\/product\/13192"}],"collection":[{"href":"https:\/\/dev.sos-shop.ch\/en\/wp-json\/wp\/v2\/product"}],"about":[{"href":"https:\/\/dev.sos-shop.ch\/en\/wp-json\/wp\/v2\/types\/product"}],"version-history":[{"count":0,"href":"https:\/\/dev.sos-shop.ch\/en\/wp-json\/wp\/v2\/product\/13192\/revisions"}],"wp:featuredmedia":[{"embeddable":true,"href":"https:\/\/dev.sos-shop.ch\/en\/wp-json\/wp\/v2\/media\/13194"}],"wp:attachment":[{"href":"https:\/\/dev.sos-shop.ch\/en\/wp-json\/wp\/v2\/media?parent=13192"}],"wp:term":[{"taxonomy":"product_cat","embeddable":true,"href":"https:\/\/dev.sos-shop.ch\/en\/wp-json\/wp\/v2\/product_cat?post=13192"},{"taxonomy":"product_tag","embeddable":true,"href":"https:\/\/dev.sos-shop.ch\/en\/wp-json\/wp\/v2\/product_tag?post=13192"}],"curies":[{"name":"wp","href":"https:\/\/api.w.org\/{rel}","templated":true}]}}