{"id":12983,"date":"2020-10-09T08:42:13","date_gmt":"2020-10-09T07:42:13","guid":{"rendered":"https:\/\/sos-shop.ch\/?post_type=product&#038;p=12983"},"modified":"2025-03-17T04:41:09","modified_gmt":"2025-03-17T03:41:09","slug":"thomy-sauce-hollandaise","status":"publish","type":"product","link":"https:\/\/dev.sos-shop.ch\/en\/shop\/thomy-sauce-hollandaise\/","title":{"rendered":"Thomy Sauce Hollandaise 250ml"},"content":{"rendered":"<p>Avec la sauce hollandaise de Thomy Les Sauces, votre plat d&#8217;asperges sera une d\u00e9licieuse exp\u00e9rience culinaire. La sauce aux asperges la plus populaire en Allemagne raffine non seulement les asperges fra\u00eeches, mais aussi d&#8217;autres l\u00e9gumes tels que le brocoli et le chou-fleur.<\/p>\n<div class=\"pdr-ToggleBox__trigger\">\n<h5 class=\"pdr-ToggleBox__heading\">Valeurs nutritionnelles<\/h5>\n<\/div>\n<div class=\"pdr-AttributeGroup\">\n<table class=\"pdr-Table pdr-NutritionTable\">\n<thead>\n<tr class=\"pdr-Table--Row\">\n<th class=\"\" colspan=\"1\">valeurs nutritionnelles moyennes<\/th>\n<th class=\"\" colspan=\"1\">Non pr\u00e9par\u00e9 par 100 ml<\/th>\n<\/tr>\n<\/thead>\n<tbody>\n<tr class=\"pdr-Table--Row\">\n<td class=\"pdr-Table--Cell--Highlight\" colspan=\"1\">\u00e9nergie<\/td>\n<td class=\"\" colspan=\"1\">893,0 kJ<\/td>\n<\/tr>\n<tr class=\"pdr-Table--Row\">\n<td class=\"pdr-Table--Cell--Highlight\" colspan=\"1\">\u00e9nergie<\/td>\n<td class=\"\" colspan=\"1\">216,0 kcal<\/td>\n<\/tr>\n<tr class=\"pdr-Table--Row\">\n<td class=\"pdr-Table--Cell--Highlight\" colspan=\"1\">graisse<\/td>\n<td class=\"\" colspan=\"1\">21,6 g<\/td>\n<\/tr>\n<tr class=\"pdr-Table--Row\">\n<td class=\"pdr-Table--Cell--Highlight\" colspan=\"1\">Graisses, y compris les graisses satur\u00e9es<\/td>\n<td class=\"\" colspan=\"1\">2,4 g<\/td>\n<\/tr>\n<tr class=\"pdr-Table--Row\">\n<td class=\"pdr-Table--Cell--Highlight\" colspan=\"1\">les glucides<\/td>\n<td class=\"\" colspan=\"1\">4,3 g<\/td>\n<\/tr>\n<tr class=\"pdr-Table--Row\">\n<td class=\"pdr-Table--Cell--Highlight\" colspan=\"1\">Glucides dont sucre<\/td>\n<td class=\"\" colspan=\"1\">1,9 g<\/td>\n<\/tr>\n<tr class=\"pdr-Table--Row\">\n<td class=\"pdr-Table--Cell--Highlight\" colspan=\"1\">Fibre<\/td>\n<td class=\"\" colspan=\"1\">0,2 g<\/td>\n<\/tr>\n<tr class=\"pdr-Table--Row\">\n<td class=\"pdr-Table--Cell--Highlight\" colspan=\"1\">prot\u00e9ine<\/td>\n<td class=\"\" colspan=\"1\">0,9 g<\/td>\n<\/tr>\n<tr class=\"pdr-Table--Row\">\n<td class=\"pdr-Table--Cell--Highlight\" colspan=\"1\">sel<\/td>\n<td class=\"\" colspan=\"1\">1,3 g<\/td>\n<\/tr>\n<\/tbody>\n<\/table>\n<\/div>","protected":false},"excerpt":{"rendered":"<p>Avec la sauce hollandaise de Thomy Les Sauces, votre plat d&#8217;asperges sera une d\u00e9licieuse exp\u00e9rience culinaire. La sauce aux asperges la plus populaire en Allemagne raffine non seulement les asperges fra\u00eeches, mais aussi d&#8217;autres l\u00e9gumes tels que le brocoli et le chou-fleur. Valeurs nutritionnelles valeurs nutritionnelles moyennes Non pr\u00e9par\u00e9 par 100 ml \u00e9nergie 893,0 kJ&hellip;<\/p>","protected":false},"featured_media":12986,"template":"","meta":[],"product_cat":[116],"product_tag":[],"acf":[],"_links":{"self":[{"href":"https:\/\/dev.sos-shop.ch\/en\/wp-json\/wp\/v2\/product\/12983"}],"collection":[{"href":"https:\/\/dev.sos-shop.ch\/en\/wp-json\/wp\/v2\/product"}],"about":[{"href":"https:\/\/dev.sos-shop.ch\/en\/wp-json\/wp\/v2\/types\/product"}],"version-history":[{"count":0,"href":"https:\/\/dev.sos-shop.ch\/en\/wp-json\/wp\/v2\/product\/12983\/revisions"}],"wp:featuredmedia":[{"embeddable":true,"href":"https:\/\/dev.sos-shop.ch\/en\/wp-json\/wp\/v2\/media\/12986"}],"wp:attachment":[{"href":"https:\/\/dev.sos-shop.ch\/en\/wp-json\/wp\/v2\/media?parent=12983"}],"wp:term":[{"taxonomy":"product_cat","embeddable":true,"href":"https:\/\/dev.sos-shop.ch\/en\/wp-json\/wp\/v2\/product_cat?post=12983"},{"taxonomy":"product_tag","embeddable":true,"href":"https:\/\/dev.sos-shop.ch\/en\/wp-json\/wp\/v2\/product_tag?post=12983"}],"curies":[{"name":"wp","href":"https:\/\/api.w.org\/{rel}","templated":true}]}}