{"id":12912,"date":"2020-10-09T06:32:53","date_gmt":"2020-10-09T05:32:53","guid":{"rendered":"https:\/\/sos-shop.ch\/?post_type=product&#038;p=12912"},"modified":"2025-03-17T04:41:09","modified_gmt":"2025-03-17T03:41:09","slug":"knorr-bouillon-de-poulet-copy__trashed","status":"publish","type":"product","link":"https:\/\/dev.sos-shop.ch\/en\/shop\/knorr-bouillon-de-poulet-copy__trashed\/","title":{"rendered":"Knorr Bouillon de boeuf 200g"},"content":{"rendered":"<p>Bouillon de b\u0153uf avec viande de b\u0153uf<\/p>\n<div class=\"nutritionInformation-heading\"><span class=\"nutritionInformation-heading__label\">Valeurs nutritives par: <\/span><a class=\"nutritionInformation-heading__option-link nutritionInformation-heading__option-link--active\" href=\"https:\/\/www.coop.ch\/fr\/nourriture\/reserves\/bouillons-epices\/bouillons-fonds\/bouillons-de-viande\/knorr-bouillon-de-boeuf-nature\/p\/6494193#\" data-nutritioninformation-switch=\"unit\">100 ml<\/a><\/div>\n<div class=\"list--dotted__wrapper\">\n<ul class=\"list--dotted col-12 col-md-5\">\n<li class=\"list--dotted-item\"><span class=\"list--dotted-item__label\" data-nutritioninformation-list-item__label=\"\"><span class=\"list--dotted-item__label-text\">\u00c9nergie en kJ<\/span><\/span><span class=\"list--dotted-item__amount\"><span data-nutritioninformation-list-item-value=\"\">env.\u00a019<\/span><\/span><\/li>\n<li class=\"list--dotted-item\"><span class=\"list--dotted-item__label\" data-nutritioninformation-list-item__label=\"\"><span class=\"list--dotted-item__label-text\">\u00c9nergie en kcal<\/span><\/span><span class=\"list--dotted-item__amount\"><span data-nutritioninformation-list-item-value=\"\">env.\u00a04<\/span><\/span><\/li>\n<li class=\"list--dotted-item\"><span class=\"list--dotted-item__label\" data-nutritioninformation-list-item__label=\"\"><span class=\"list--dotted-item__label-text\">Lipides<\/span><\/span><span class=\"list--dotted-item__amount\"><span data-nutritioninformation-list-item-value=\"\">&lt;0,5 g<\/span><\/span><\/li>\n<li class=\"list--dotted-item list--dotted-item--indented\"><span class=\"list--dotted-item__label\" data-nutritioninformation-list-item__label=\"\"><span class=\"list--dotted-item__label-text\">satur\u00e9 gras satur\u00e9s<\/span><\/span><span class=\"list--dotted-item__amount\"><span data-nutritioninformation-list-item-value=\"\">&lt;0,1 g<\/span><\/span><\/li>\n<li class=\"list--dotted-item\"><span class=\"list--dotted-item__label\" data-nutritioninformation-list-item__label=\"\"><span class=\"list--dotted-item__label-text\">Glucides<\/span><\/span><span class=\"list--dotted-item__amount\"><span data-nutritioninformation-list-item-value=\"\">env.\u00a00,7 g<\/span><\/span><\/li>\n<li class=\"list--dotted-item list--dotted-item--indented\"><span class=\"list--dotted-item__label\" data-nutritioninformation-list-item__label=\"\"><span class=\"list--dotted-item__label-text\">dont sucres<\/span><\/span><span class=\"list--dotted-item__amount\"><span data-nutritioninformation-list-item-value=\"\">&lt;0,5 g<\/span><\/span><\/li>\n<\/ul>\n<ul class=\"list--dotted col-12 col-md-5\">\n<li class=\"list--dotted-item\"><span class=\"list--dotted-item__label\" data-nutritioninformation-list-item__label=\"\"><span class=\"list--dotted-item__label-text\">Fibres alimentaires<\/span><\/span><span class=\"list--dotted-item__amount\"><span data-nutritioninformation-list-item-value=\"\">&lt;0,5 g<\/span><\/span><\/li>\n<li class=\"list--dotted-item\"><span class=\"list--dotted-item__label\" data-nutritioninformation-list-item__label=\"\"><span class=\"list--dotted-item__label-text\">Prot\u00e9ines<\/span><\/span><span class=\"list--dotted-item__amount\"><span data-nutritioninformation-list-item-value=\"\">&lt;0,5 g<\/span><\/span><\/li>\n<li class=\"list--dotted-item\"><span class=\"list--dotted-item__label\" data-nutritioninformation-list-item__label=\"\"><span class=\"list--dotted-item__label-text\">Cellule<\/span><\/span><span class=\"list--dotted-item__amount\"><span data-nutritioninformation-list-item-value=\"\">env.\u00a00,87 g<\/span><\/span><\/li>\n<\/ul>\n<\/div>","protected":false},"excerpt":{"rendered":"<p>Bouillon de b\u0153uf avec viande de b\u0153uf Valeurs nutritives par: 100 ml \u00c9nergie en kJenv.\u00a019 \u00c9nergie en kcalenv.\u00a04 Lipides&lt;0,5 g satur\u00e9 gras satur\u00e9s&lt;0,1 g Glucidesenv.\u00a00,7 g dont sucres&lt;0,5 g Fibres alimentaires&lt;0,5 g Prot\u00e9ines&lt;0,5 g Celluleenv.\u00a00,87 g<\/p>","protected":false},"featured_media":12913,"template":"","meta":[],"product_cat":[116],"product_tag":[],"acf":[],"_links":{"self":[{"href":"https:\/\/dev.sos-shop.ch\/en\/wp-json\/wp\/v2\/product\/12912"}],"collection":[{"href":"https:\/\/dev.sos-shop.ch\/en\/wp-json\/wp\/v2\/product"}],"about":[{"href":"https:\/\/dev.sos-shop.ch\/en\/wp-json\/wp\/v2\/types\/product"}],"version-history":[{"count":0,"href":"https:\/\/dev.sos-shop.ch\/en\/wp-json\/wp\/v2\/product\/12912\/revisions"}],"wp:featuredmedia":[{"embeddable":true,"href":"https:\/\/dev.sos-shop.ch\/en\/wp-json\/wp\/v2\/media\/12913"}],"wp:attachment":[{"href":"https:\/\/dev.sos-shop.ch\/en\/wp-json\/wp\/v2\/media?parent=12912"}],"wp:term":[{"taxonomy":"product_cat","embeddable":true,"href":"https:\/\/dev.sos-shop.ch\/en\/wp-json\/wp\/v2\/product_cat?post=12912"},{"taxonomy":"product_tag","embeddable":true,"href":"https:\/\/dev.sos-shop.ch\/en\/wp-json\/wp\/v2\/product_tag?post=12912"}],"curies":[{"name":"wp","href":"https:\/\/api.w.org\/{rel}","templated":true}]}}