{"id":12859,"date":"2020-10-09T05:14:15","date_gmt":"2020-10-09T04:14:15","guid":{"rendered":"https:\/\/sos-shop.ch\/?post_type=product&#038;p=12859"},"modified":"2025-03-17T04:41:10","modified_gmt":"2025-03-17T03:41:10","slug":"jurasel-sel-de-cuisine","status":"publish","type":"product","link":"https:\/\/dev.sos-shop.ch\/en\/shop\/jurasel-sel-de-cuisine\/","title":{"rendered":"Jurasel Sel Cuisine 1kg"},"content":{"rendered":"<div class=\"nutrition-table-value\">\n<p class=\"nutrition-name\">\u00e9nergie<\/p>\n<p class=\"nutrition-value\">0 kJ<\/p>\n<\/div>\n<div class=\"nutrition-table-value\">\n<p class=\"nutrition-name\">\u00e9nergie<\/p>\n<p class=\"nutrition-value\">0 kcal<\/p>\n<\/div>\n<div class=\"nutrition-table-value\">\n<p class=\"nutrition-name\">Graisse<\/p>\n<p class=\"nutrition-value\">0,0 g<\/p>\n<\/div>\n<div class=\"nutrition-table-value\">\n<p class=\"nutrition-name\">dont acides gras satur\u00e9s<\/p>\n<p class=\"nutrition-value\">0,0 g<\/p>\n<\/div>\n<div class=\"nutrition-table-value\">\n<p class=\"nutrition-name\">Hydrate de carbone<\/p>\n<p class=\"nutrition-value\">0,0 g<\/p>\n<\/div>\n<div class=\"nutrition-table-value\">\n<p class=\"nutrition-name\">dont sucre<\/p>\n<p class=\"nutrition-value\">0,0 g<\/p>\n<\/div>\n<div class=\"nutrition-table-value\">\n<p class=\"nutrition-name\">Fibres alimentaires<\/p>\n<p class=\"nutrition-value\">0,0 g<\/p>\n<\/div>\n<div class=\"nutrition-table-value\">\n<p class=\"nutrition-name\">Prot\u00e9ines<\/p>\n<p class=\"nutrition-value\">0,0 g<\/p>\n<\/div>\n<div class=\"nutrition-table-value\">\n<p class=\"nutrition-name\">Cellule<\/p>\n<p class=\"nutrition-value\">99,8 grammes<\/p>\n<\/div>","protected":false},"excerpt":{"rendered":"<p>\u00e9nergie 0 kJ \u00e9nergie 0 kcal Graisse 0,0 g dont acides gras satur\u00e9s 0,0 g Hydrate de carbone 0,0 g dont sucre 0,0 g Fibres alimentaires 0,0 g Prot\u00e9ines 0,0 g Cellule 99,8 grammes<\/p>","protected":false},"featured_media":12860,"template":"","meta":[],"product_cat":[116],"product_tag":[],"acf":[],"_links":{"self":[{"href":"https:\/\/dev.sos-shop.ch\/en\/wp-json\/wp\/v2\/product\/12859"}],"collection":[{"href":"https:\/\/dev.sos-shop.ch\/en\/wp-json\/wp\/v2\/product"}],"about":[{"href":"https:\/\/dev.sos-shop.ch\/en\/wp-json\/wp\/v2\/types\/product"}],"version-history":[{"count":0,"href":"https:\/\/dev.sos-shop.ch\/en\/wp-json\/wp\/v2\/product\/12859\/revisions"}],"wp:featuredmedia":[{"embeddable":true,"href":"https:\/\/dev.sos-shop.ch\/en\/wp-json\/wp\/v2\/media\/12860"}],"wp:attachment":[{"href":"https:\/\/dev.sos-shop.ch\/en\/wp-json\/wp\/v2\/media?parent=12859"}],"wp:term":[{"taxonomy":"product_cat","embeddable":true,"href":"https:\/\/dev.sos-shop.ch\/en\/wp-json\/wp\/v2\/product_cat?post=12859"},{"taxonomy":"product_tag","embeddable":true,"href":"https:\/\/dev.sos-shop.ch\/en\/wp-json\/wp\/v2\/product_tag?post=12859"}],"curies":[{"name":"wp","href":"https:\/\/api.w.org\/{rel}","templated":true}]}}