{"id":12803,"date":"2020-10-08T17:45:10","date_gmt":"2020-10-08T16:45:10","guid":{"rendered":"https:\/\/sos-shop.ch\/?post_type=product&#038;p=12803"},"modified":"2025-03-17T04:41:10","modified_gmt":"2025-03-17T03:41:10","slug":"rio-mare-insalatissime-mais","status":"publish","type":"product","link":"https:\/\/dev.sos-shop.ch\/en\/shop\/rio-mare-insalatissime-mais\/","title":{"rendered":"Rio Mare Insalatissime Mais"},"content":{"rendered":"<p><span>&#8216;Plats pr\u00e9par\u00e9s avec l\u00e9gumes et thon&#8217;<br \/>\nVrai go\u00fbt italien<\/span><\/p>\n<h5><span>Valeurs nutritionnelles <\/span><span>100g contiennent<\/span><\/h5>\n<p><span>\u00c9nergie 761kJ \/ 183kcal, mati\u00e8res grasses 13g, dont acides gras satur\u00e9s 1,7g, glucides 6,5g, dont sucre 2g, fibres 0g, prot\u00e9ines 9g, sel 1,5g<\/span><\/p>","protected":false},"excerpt":{"rendered":"<p>&#8216;Plats pr\u00e9par\u00e9s avec l\u00e9gumes et thon&#8217; Vrai go\u00fbt italien Valeurs nutritionnelles 100g contiennent \u00c9nergie 761kJ \/ 183kcal, mati\u00e8res grasses 13g, dont acides gras satur\u00e9s 1,7g, glucides 6,5g, dont sucre 2g, fibres 0g, prot\u00e9ines 9g, sel 1,5g<\/p>","protected":false},"featured_media":12804,"template":"","meta":[],"product_cat":[116],"product_tag":[],"acf":[],"_links":{"self":[{"href":"https:\/\/dev.sos-shop.ch\/en\/wp-json\/wp\/v2\/product\/12803"}],"collection":[{"href":"https:\/\/dev.sos-shop.ch\/en\/wp-json\/wp\/v2\/product"}],"about":[{"href":"https:\/\/dev.sos-shop.ch\/en\/wp-json\/wp\/v2\/types\/product"}],"version-history":[{"count":0,"href":"https:\/\/dev.sos-shop.ch\/en\/wp-json\/wp\/v2\/product\/12803\/revisions"}],"wp:featuredmedia":[{"embeddable":true,"href":"https:\/\/dev.sos-shop.ch\/en\/wp-json\/wp\/v2\/media\/12804"}],"wp:attachment":[{"href":"https:\/\/dev.sos-shop.ch\/en\/wp-json\/wp\/v2\/media?parent=12803"}],"wp:term":[{"taxonomy":"product_cat","embeddable":true,"href":"https:\/\/dev.sos-shop.ch\/en\/wp-json\/wp\/v2\/product_cat?post=12803"},{"taxonomy":"product_tag","embeddable":true,"href":"https:\/\/dev.sos-shop.ch\/en\/wp-json\/wp\/v2\/product_tag?post=12803"}],"curies":[{"name":"wp","href":"https:\/\/api.w.org\/{rel}","templated":true}]}}