{"id":12593,"date":"2020-10-08T11:42:06","date_gmt":"2020-10-08T10:42:06","guid":{"rendered":"https:\/\/sos-shop.ch\/?post_type=product&#038;p=12593"},"modified":"2025-03-17T04:41:12","modified_gmt":"2025-03-17T03:41:12","slug":"capri-sonne-multivitamin-2__trashed","status":"publish","type":"product","link":"https:\/\/dev.sos-shop.ch\/en\/shop\/capri-sonne-multivitamin-2__trashed\/","title":{"rendered":"Capri-Sonne multivitamin"},"content":{"rendered":"<p><span>Tafelgetr\u00e4nk mit Fruchts\u00e4ften mit 12% Fruchtgehalt<\/span><br \/>\n<span>Capri Sonne Boisson aux jus de fruits multiples contenant 12% de fruits.\u00a0Toujours: pas d&#8217;\u00e9dulcorants artificiels;\u00a0pas d&#8217;ar\u00f4mes artificiels;\u00a0pas de colorants ni de conservateurs.\u00a010&#215;0.2dl.\u00a0Emballage \u00e9cologique.\u00a0Hauteur: 14cm.\u00a0Largeur: 5,5 cm.\u00a0Mat\u00e9riel: sac \/ feuille.\u00a0Emballage: carton.<\/span><\/p>\n<div class=\"nutritionInformation-heading\"><span class=\"nutritionInformation-heading__label\"><span>Valeurs nutritionnelles par: <\/span><\/span><a class=\"nutritionInformation-heading__option-link nutritionInformation-heading__option-link--active\" href=\"https:\/\/www.coop.ch\/en\/food\/drinks\/fruit-vegetable-juices\/fruit-juices\/other-fruit-juices\/capri-sun-multivitamin-fruit-juice-10x20cl\/p\/3475861#\" data-nutritioninformation-switch=\"unit\">100 ml<\/a><\/div>\n<div class=\"list--dotted__wrapper\">\n<ul class=\"list--dotted col-12 col-md-5\">\n<li class=\"list--dotted-item\"><span class=\"list--dotted-item__label\" data-nutritioninformation-list-item__label=\"\"><span class=\"list--dotted-item__label-text\"><span>\u00c9nergie en kJ<\/span><\/span><\/span><span class=\"list--dotted-item__amount\"><span data-nutritioninformation-list-item-value=\"\">160<\/span><\/span><\/li>\n<li class=\"list--dotted-item\"><span class=\"list--dotted-item__label\" data-nutritioninformation-list-item__label=\"\"><span class=\"list--dotted-item__label-text\"><span>\u00c9nergie en kcal<\/span><\/span><\/span><span class=\"list--dotted-item__amount\"><span data-nutritioninformation-list-item-value=\"\">38<\/span><\/span><\/li>\n<li class=\"list--dotted-item\"><span class=\"list--dotted-item__label\" data-nutritioninformation-list-item__label=\"\"><span class=\"list--dotted-item__label-text\"><span>Graisse<\/span><\/span><\/span><span class=\"list--dotted-item__amount\"><span data-nutritioninformation-list-item-value=\"\">&lt;0,5 g<\/span><\/span><\/li>\n<li class=\"list--dotted-item list--dotted-item--indented\"><span class=\"list--dotted-item__label\" data-nutritioninformation-list-item__label=\"\"><span class=\"list--dotted-item__label-text\"><span>les acides gras satur\u00e9s<\/span><\/span><\/span><span class=\"list--dotted-item__amount\"><span data-nutritioninformation-list-item-value=\"\">&lt;0,1 g<\/span><\/span><\/li>\n<li class=\"list--dotted-item\"><span class=\"list--dotted-item__label\" data-nutritioninformation-list-item__label=\"\"><span class=\"list--dotted-item__label-text\"><span>Glucides<\/span><\/span><\/span><span class=\"list--dotted-item__amount\"><span data-nutritioninformation-list-item-value=\"\">9g<\/span><\/span><\/li>\n<li class=\"list--dotted-item list--dotted-item--indented\"><span class=\"list--dotted-item__label\" data-nutritioninformation-list-item__label=\"\"><span class=\"list--dotted-item__label-text\"><span>dont les sucres<\/span><\/span><\/span><span class=\"list--dotted-item__amount\"><span data-nutritioninformation-list-item-value=\"\">9g<\/span><\/span><\/li>\n<li class=\"list--dotted-item\"><span class=\"list--dotted-item__label\" data-nutritioninformation-list-item__label=\"\"><span class=\"list--dotted-item__label-text\"><span>Prot\u00e9ine<\/span><\/span><\/span><span class=\"list--dotted-item__amount\"><span data-nutritioninformation-list-item-value=\"\">&lt;0,5 g<\/span><\/span><\/li>\n<\/ul>\n<ul class=\"list--dotted col-12 col-md-5\">\n<li class=\"list--dotted-item\"><span class=\"list--dotted-item__label\" data-nutritioninformation-list-item__label=\"\"><span class=\"list--dotted-item__label-text\"><span>Sel<\/span><\/span><\/span><span class=\"list--dotted-item__amount\"><span data-nutritioninformation-list-item-value=\"\">&lt;0,01 g<\/span><\/span><\/li>\n<li class=\"list--dotted-item\"><span class=\"list--dotted-item__label\" data-nutritioninformation-list-item__label=\"\"><span class=\"list--dotted-item__label-text\"><span>Vitamine E<\/span><\/span><\/span><span class=\"list--dotted-item__amount\"><span data-nutritioninformation-list-item-value=\"\">1,8 mg\u00a0<\/span><sup><span>[1]<\/span><\/sup><\/span><\/li>\n<li class=\"list--dotted-item\"><span class=\"list--dotted-item__label\" data-nutritioninformation-list-item__label=\"\"><span class=\"list--dotted-item__label-text\"><span>Vitamine C<\/span><\/span><\/span><span class=\"list--dotted-item__amount\"><span data-nutritioninformation-list-item-value=\"\">12 mg\u00a0<\/span><sup><span>[2]<\/span><\/sup><\/span><\/li>\n<li class=\"list--dotted-item\"><span class=\"list--dotted-item__label\" data-nutritioninformation-list-item__label=\"\"><span class=\"list--dotted-item__label-text\"><span>Vitamine B1<\/span><\/span><\/span><span class=\"list--dotted-item__amount\"><span data-nutritioninformation-list-item-value=\"\">0,17 mg\u00a0<\/span><sup><span>[3]<\/span><\/sup><\/span><\/li>\n<li class=\"list--dotted-item\"><span class=\"list--dotted-item__label\" data-nutritioninformation-list-item__label=\"\"><span class=\"list--dotted-item__label-text\"><span>Niacine<\/span><\/span><\/span><span class=\"list--dotted-item__amount\"><span data-nutritioninformation-list-item-value=\"\">2,4 mg\u00a0<\/span><sup><span>[4]<\/span><\/sup><\/span><\/li>\n<li class=\"list--dotted-item\"><span class=\"list--dotted-item__label\" data-nutritioninformation-list-item__label=\"\"><span class=\"list--dotted-item__label-text\"><span>Vitamine B6<\/span><\/span><\/span><span class=\"list--dotted-item__amount\"><span data-nutritioninformation-list-item-value=\"\">0,21 mg\u00a0<\/span><sup><span>[5]<\/span><\/sup><\/span><\/li>\n<li class=\"list--dotted-item\"><span class=\"list--dotted-item__label\" data-nutritioninformation-list-item__label=\"\"><span class=\"list--dotted-item__label-text\"><span>Vitamine B12<\/span><\/span><\/span><span class=\"list--dotted-item__amount\"><span data-nutritioninformation-list-item-value=\"\">0,38 \u00b5g<\/span><\/span><\/li>\n<li class=\"list--dotted-item\"><span class=\"list--dotted-item__label\" data-nutritioninformation-list-item__label=\"\"><span class=\"list--dotted-item__label-text\"><span>Biotine<\/span><\/span><\/span><span class=\"list--dotted-item__amount\"><span data-nutritioninformation-list-item-value=\"\">7,5 \u00b5g<\/span><\/span><\/li>\n<\/ul>\n<\/div>","protected":false},"excerpt":{"rendered":"<p>Tafelgetr\u00e4nk mit Fruchts\u00e4ften mit 12% Fruchtgehalt Capri Sonne Boisson aux jus de fruits multiples contenant 12% de fruits.\u00a0Toujours: pas d&#8217;\u00e9dulcorants artificiels;\u00a0pas d&#8217;ar\u00f4mes artificiels;\u00a0pas de colorants ni de conservateurs.\u00a010&#215;0.2dl.\u00a0Emballage \u00e9cologique.\u00a0Hauteur: 14cm.\u00a0Largeur: 5,5 cm.\u00a0Mat\u00e9riel: sac \/ feuille.\u00a0Emballage: carton. Valeurs nutritionnelles par: 100 ml \u00c9nergie en kJ160 \u00c9nergie en kcal38 Graisse&lt;0,5 g les acides gras satur\u00e9s&lt;0,1 g Glucides9g&hellip;<\/p>","protected":false},"featured_media":12596,"template":"","meta":[],"product_cat":[416],"product_tag":[],"acf":[],"_links":{"self":[{"href":"https:\/\/dev.sos-shop.ch\/en\/wp-json\/wp\/v2\/product\/12593"}],"collection":[{"href":"https:\/\/dev.sos-shop.ch\/en\/wp-json\/wp\/v2\/product"}],"about":[{"href":"https:\/\/dev.sos-shop.ch\/en\/wp-json\/wp\/v2\/types\/product"}],"version-history":[{"count":0,"href":"https:\/\/dev.sos-shop.ch\/en\/wp-json\/wp\/v2\/product\/12593\/revisions"}],"wp:featuredmedia":[{"embeddable":true,"href":"https:\/\/dev.sos-shop.ch\/en\/wp-json\/wp\/v2\/media\/12596"}],"wp:attachment":[{"href":"https:\/\/dev.sos-shop.ch\/en\/wp-json\/wp\/v2\/media?parent=12593"}],"wp:term":[{"taxonomy":"product_cat","embeddable":true,"href":"https:\/\/dev.sos-shop.ch\/en\/wp-json\/wp\/v2\/product_cat?post=12593"},{"taxonomy":"product_tag","embeddable":true,"href":"https:\/\/dev.sos-shop.ch\/en\/wp-json\/wp\/v2\/product_tag?post=12593"}],"curies":[{"name":"wp","href":"https:\/\/api.w.org\/{rel}","templated":true}]}}