{"id":12589,"date":"2020-10-08T11:38:43","date_gmt":"2020-10-08T10:38:43","guid":{"rendered":"https:\/\/sos-shop.ch\/?post_type=product&#038;p=12589"},"modified":"2025-03-17T04:41:12","modified_gmt":"2025-03-17T03:41:12","slug":"ramseier-schorle-pomme-pet__trashed","status":"publish","type":"product","link":"https:\/\/dev.sos-shop.ch\/en\/shop\/ramseier-schorle-pomme-pet__trashed\/","title":{"rendered":"Ramseier Schorle pomme PET"},"content":{"rendered":"<p>Une boisson rafra\u00eechissante gorg\u00e9e apr\u00e8s gorg\u00e9e. Voil\u00e0 ce qui caract\u00e9rise RAMSEIER Schorle Pomme. Il associe le meilleur du jus de pomme RAMSEIER \u00e0 de l\u2019eau gazeuse pure. Finement p\u00e9tillant et sans sucres ajout\u00e9s, il peut se consommer sans avoir mauvaise conscience.<\/p>\n<table class=\"data-table nutritionTable\">\n<thead>\n<tr>\n<th>Valeurs nutritives dans<\/th>\n<th><\/th>\n<\/tr>\n<\/thead>\n<tbody>\n<tr class=\"odd\">\n<td class=\"label\">\u00c9nergie<\/td>\n<td class=\"value\">26 (130 pro Portion) Kcal<\/td>\n<\/tr>\n<tr class=\"even\">\n<td class=\"label\">Prot\u00e9ine<\/td>\n<td class=\"value\">&lt;0.5 Grammes<\/td>\n<\/tr>\n<tr class=\"odd\">\n<td class=\"label\">Les hydrates de carbone<\/td>\n<td class=\"value\">6.2 Grammes<\/td>\n<\/tr>\n<tr class=\"even\">\n<td class=\"label\">Mati\u00e8res grasses<\/td>\n<td class=\"value\">0 Grammes<\/td>\n<\/tr>\n<\/tbody>\n<\/table>","protected":false},"excerpt":{"rendered":"<p>Une boisson rafra\u00eechissante gorg\u00e9e apr\u00e8s gorg\u00e9e. Voil\u00e0 ce qui caract\u00e9rise RAMSEIER Schorle Pomme. Il associe le meilleur du jus de pomme RAMSEIER \u00e0 de l\u2019eau gazeuse pure. Finement p\u00e9tillant et sans sucres ajout\u00e9s, il peut se consommer sans avoir mauvaise conscience. Valeurs nutritives dans \u00c9nergie 26 (130 pro Portion) Kcal Prot\u00e9ine &lt;0.5 Grammes Les hydrates&hellip;<\/p>","protected":false},"featured_media":12590,"template":"","meta":[],"product_cat":[416],"product_tag":[],"acf":[],"_links":{"self":[{"href":"https:\/\/dev.sos-shop.ch\/en\/wp-json\/wp\/v2\/product\/12589"}],"collection":[{"href":"https:\/\/dev.sos-shop.ch\/en\/wp-json\/wp\/v2\/product"}],"about":[{"href":"https:\/\/dev.sos-shop.ch\/en\/wp-json\/wp\/v2\/types\/product"}],"version-history":[{"count":0,"href":"https:\/\/dev.sos-shop.ch\/en\/wp-json\/wp\/v2\/product\/12589\/revisions"}],"wp:featuredmedia":[{"embeddable":true,"href":"https:\/\/dev.sos-shop.ch\/en\/wp-json\/wp\/v2\/media\/12590"}],"wp:attachment":[{"href":"https:\/\/dev.sos-shop.ch\/en\/wp-json\/wp\/v2\/media?parent=12589"}],"wp:term":[{"taxonomy":"product_cat","embeddable":true,"href":"https:\/\/dev.sos-shop.ch\/en\/wp-json\/wp\/v2\/product_cat?post=12589"},{"taxonomy":"product_tag","embeddable":true,"href":"https:\/\/dev.sos-shop.ch\/en\/wp-json\/wp\/v2\/product_tag?post=12589"}],"curies":[{"name":"wp","href":"https:\/\/api.w.org\/{rel}","templated":true}]}}