{"id":12531,"date":"2020-10-08T09:29:57","date_gmt":"2020-10-08T08:29:57","guid":{"rendered":"https:\/\/sos-shop.ch\/?post_type=product&#038;p=12531"},"modified":"2025-03-17T04:41:13","modified_gmt":"2025-03-17T03:41:13","slug":"ramseier-cidre-de-pomme-pet","status":"publish","type":"product","link":"https:\/\/dev.sos-shop.ch\/en\/shop\/ramseier-cidre-de-pomme-pet\/","title":{"rendered":"Ramseier Cidre de pomme 6&#215;1.5L"},"content":{"rendered":"<p>Cidre partiellement ferment\u00e9. Gaz\u00e9ifi\u00e9<br \/>\nRamseier Cidre de pomme 6&#215;1.5L, 4.0% Vol.<\/p>\n<p>&nbsp;<\/p>","protected":false},"excerpt":{"rendered":"<p>Cidre partiellement ferment\u00e9. Gaz\u00e9ifi\u00e9 Ramseier Cidre de pomme 6&#215;1.5L, 4.0% Vol. &nbsp;<\/p>","protected":false},"featured_media":12537,"template":"","meta":[],"product_cat":[416],"product_tag":[],"acf":[],"_links":{"self":[{"href":"https:\/\/dev.sos-shop.ch\/en\/wp-json\/wp\/v2\/product\/12531"}],"collection":[{"href":"https:\/\/dev.sos-shop.ch\/en\/wp-json\/wp\/v2\/product"}],"about":[{"href":"https:\/\/dev.sos-shop.ch\/en\/wp-json\/wp\/v2\/types\/product"}],"version-history":[{"count":0,"href":"https:\/\/dev.sos-shop.ch\/en\/wp-json\/wp\/v2\/product\/12531\/revisions"}],"wp:featuredmedia":[{"embeddable":true,"href":"https:\/\/dev.sos-shop.ch\/en\/wp-json\/wp\/v2\/media\/12537"}],"wp:attachment":[{"href":"https:\/\/dev.sos-shop.ch\/en\/wp-json\/wp\/v2\/media?parent=12531"}],"wp:term":[{"taxonomy":"product_cat","embeddable":true,"href":"https:\/\/dev.sos-shop.ch\/en\/wp-json\/wp\/v2\/product_cat?post=12531"},{"taxonomy":"product_tag","embeddable":true,"href":"https:\/\/dev.sos-shop.ch\/en\/wp-json\/wp\/v2\/product_tag?post=12531"}],"curies":[{"name":"wp","href":"https:\/\/api.w.org\/{rel}","templated":true}]}}