{"id":12415,"date":"2020-10-08T08:36:40","date_gmt":"2020-10-08T07:36:40","guid":{"rendered":"https:\/\/sos-shop.ch\/?post_type=product&#038;p=12415"},"modified":"2025-03-17T04:41:13","modified_gmt":"2025-03-17T03:41:13","slug":"michele-chiarlo-le-madri-roero-arneis-docg__trashed","status":"publish","type":"product","link":"https:\/\/dev.sos-shop.ch\/en\/shop\/michele-chiarlo-le-madri-roero-arneis-docg__trashed\/","title":{"rendered":"Michele Chiarlo Le Madri Roero Arneis DOCG"},"content":{"rendered":"<p>Jaune p\u00e2le.\u00a0Ar\u00f4mes d\u00e9licats de p\u00eaches blanches, d&#8217;abricots et de pommes et de l\u00e9g\u00e8res notes florales.\u00a0Corps moyen avec une acidit\u00e9 juteuse et une longue finale.<\/p>","protected":false},"excerpt":{"rendered":"<p>Jaune p\u00e2le.\u00a0Ar\u00f4mes d\u00e9licats de p\u00eaches blanches, d&#8217;abricots et de pommes et de l\u00e9g\u00e8res notes florales.\u00a0Corps moyen avec une acidit\u00e9 juteuse et une longue finale.<\/p>","protected":false},"featured_media":30080,"template":"","meta":[],"product_cat":[416],"product_tag":[],"acf":[],"_links":{"self":[{"href":"https:\/\/dev.sos-shop.ch\/en\/wp-json\/wp\/v2\/product\/12415"}],"collection":[{"href":"https:\/\/dev.sos-shop.ch\/en\/wp-json\/wp\/v2\/product"}],"about":[{"href":"https:\/\/dev.sos-shop.ch\/en\/wp-json\/wp\/v2\/types\/product"}],"version-history":[{"count":0,"href":"https:\/\/dev.sos-shop.ch\/en\/wp-json\/wp\/v2\/product\/12415\/revisions"}],"wp:featuredmedia":[{"embeddable":true,"href":"https:\/\/dev.sos-shop.ch\/en\/wp-json\/wp\/v2\/media\/30080"}],"wp:attachment":[{"href":"https:\/\/dev.sos-shop.ch\/en\/wp-json\/wp\/v2\/media?parent=12415"}],"wp:term":[{"taxonomy":"product_cat","embeddable":true,"href":"https:\/\/dev.sos-shop.ch\/en\/wp-json\/wp\/v2\/product_cat?post=12415"},{"taxonomy":"product_tag","embeddable":true,"href":"https:\/\/dev.sos-shop.ch\/en\/wp-json\/wp\/v2\/product_tag?post=12415"}],"curies":[{"name":"wp","href":"https:\/\/api.w.org\/{rel}","templated":true}]}}