{"id":12373,"date":"2020-10-08T07:58:24","date_gmt":"2020-10-08T06:58:24","guid":{"rendered":"https:\/\/sos-shop.ch\/?post_type=product&#038;p=12373"},"modified":"2025-03-17T04:41:14","modified_gmt":"2025-03-17T03:41:14","slug":"lipton-ice-tea-lemon__trashed","status":"publish","type":"product","link":"https:\/\/dev.sos-shop.ch\/en\/shop\/lipton-ice-tea-lemon__trashed\/","title":{"rendered":"Lipton Ice Tea Lemon 8x50cl"},"content":{"rendered":"<p>\u00c0 chaque gorg\u00e9e de th\u00e9 glac\u00e9 Lipton, vous d\u00e9couvrirez les bienfaits naturels du th\u00e9 avec une touche rafra\u00eechissante de citron.\u00a0Cette boisson n&#8217;a pas d&#8217;ar\u00f4mes artificiels, de colorants ou de gaz ajout\u00e9s.\u00a0En outre, la teneur en sucre est assez faible.<\/p>","protected":false},"excerpt":{"rendered":"<p>\u00c0 chaque gorg\u00e9e de th\u00e9 glac\u00e9 Lipton, vous d\u00e9couvrirez les bienfaits naturels du th\u00e9 avec une touche rafra\u00eechissante de citron.\u00a0Cette boisson n&#8217;a pas d&#8217;ar\u00f4mes artificiels, de colorants ou de gaz ajout\u00e9s.\u00a0En outre, la teneur en sucre est assez faible.<\/p>","protected":false},"featured_media":38968,"template":"","meta":[],"product_cat":[416],"product_tag":[],"acf":[],"_links":{"self":[{"href":"https:\/\/dev.sos-shop.ch\/en\/wp-json\/wp\/v2\/product\/12373"}],"collection":[{"href":"https:\/\/dev.sos-shop.ch\/en\/wp-json\/wp\/v2\/product"}],"about":[{"href":"https:\/\/dev.sos-shop.ch\/en\/wp-json\/wp\/v2\/types\/product"}],"version-history":[{"count":0,"href":"https:\/\/dev.sos-shop.ch\/en\/wp-json\/wp\/v2\/product\/12373\/revisions"}],"wp:featuredmedia":[{"embeddable":true,"href":"https:\/\/dev.sos-shop.ch\/en\/wp-json\/wp\/v2\/media\/38968"}],"wp:attachment":[{"href":"https:\/\/dev.sos-shop.ch\/en\/wp-json\/wp\/v2\/media?parent=12373"}],"wp:term":[{"taxonomy":"product_cat","embeddable":true,"href":"https:\/\/dev.sos-shop.ch\/en\/wp-json\/wp\/v2\/product_cat?post=12373"},{"taxonomy":"product_tag","embeddable":true,"href":"https:\/\/dev.sos-shop.ch\/en\/wp-json\/wp\/v2\/product_tag?post=12373"}],"curies":[{"name":"wp","href":"https:\/\/api.w.org\/{rel}","templated":true}]}}