{"id":12285,"date":"2020-10-08T05:18:42","date_gmt":"2020-10-08T04:18:42","guid":{"rendered":"https:\/\/sos-shop.ch\/?post_type=product&#038;p=12285"},"modified":"2025-03-17T04:41:14","modified_gmt":"2025-03-17T03:41:14","slug":"schweppes-indian-tonic-pet","status":"publish","type":"product","link":"https:\/\/dev.sos-shop.ch\/en\/shop\/schweppes-indian-tonic-pet\/","title":{"rendered":"Schweppes Indian Tonic pet 6x1L"},"content":{"rendered":"<p>Erfrischungsgetr\u00e4nk mit nat\u00fcrlichem Aroma, kohlens\u00e4urehaltig, chininhaltig<br \/>\nSchweppes Indian Tonic.<br \/>\nBoisson gazeuse \u00e0 saveur naturelle.<br \/>\nGaz\u00e9ifi\u00e9e.<\/p>\n<div class=\"nutritionInformation-heading\"><span class=\"nutritionInformation-heading__label\">Valeurs nutritionnelles par: <\/span><a class=\"nutritionInformation-heading__option-link nutritionInformation-heading__option-link--active\" href=\"https:\/\/www.coop.ch\/en\/food\/drinks\/soft-drinks\/multipacks-more-than-1-liter\/schweppes-indian-tonic-natural-soda-water-6x1l\/p\/4143466#\" data-nutritioninformation-switch=\"unit\">100 ml<\/a><\/div>\n<div class=\"list--dotted__wrapper\">\n<ul class=\"list--dotted col-12 col-md-5\">\n<li class=\"list--dotted-item\"><span class=\"list--dotted-item__label\" data-nutritioninformation-list-item__label=\"\"><span class=\"list--dotted-item__label-text\">\u00c9nergie en kJ<\/span><\/span><span class=\"list--dotted-item__amount\"><span data-nutritioninformation-list-item-value=\"\">Californie.\u00a0160<\/span><\/span><\/li>\n<li class=\"list--dotted-item\"><span class=\"list--dotted-item__label\" data-nutritioninformation-list-item__label=\"\"><span class=\"list--dotted-item__label-text\">\u00c9nergie en kcal<\/span><\/span><span class=\"list--dotted-item__amount\"><span data-nutritioninformation-list-item-value=\"\">Californie.\u00a037<\/span><\/span><\/li>\n<li class=\"list--dotted-item\"><span class=\"list--dotted-item__label\" data-nutritioninformation-list-item__label=\"\"><span class=\"list--dotted-item__label-text\">Graisse<\/span><\/span><span class=\"list--dotted-item__amount\"><span data-nutritioninformation-list-item-value=\"\">Californie.\u00a00g<\/span><\/span><\/li>\n<li class=\"list--dotted-item list--dotted-item--indented\"><span class=\"list--dotted-item__label\" data-nutritioninformation-list-item__label=\"\"><span class=\"list--dotted-item__label-text\">les acides gras satur\u00e9s<\/span><\/span><span class=\"list--dotted-item__amount\"><span data-nutritioninformation-list-item-value=\"\">Californie.\u00a00g<\/span><\/span><\/li>\n<\/ul>\n<ul class=\"list--dotted col-12 col-md-5\">\n<li class=\"list--dotted-item\"><span class=\"list--dotted-item__label\" data-nutritioninformation-list-item__label=\"\"><span class=\"list--dotted-item__label-text\">Prot\u00e9ine<\/span><\/span><span class=\"list--dotted-item__amount\"><span data-nutritioninformation-list-item-value=\"\">Californie.\u00a00g<\/span><\/span><\/li>\n<li class=\"list--dotted-item\"><span class=\"list--dotted-item__label\" data-nutritioninformation-list-item__label=\"\"><span class=\"list--dotted-item__label-text\">Sel<\/span><\/span><span class=\"list--dotted-item__amount\"><span data-nutritioninformation-list-item-value=\"\">Californie.\u00a00g<\/span><\/span><\/li>\n<\/ul>\n<\/div>","protected":false},"excerpt":{"rendered":"<p>Erfrischungsgetr\u00e4nk mit nat\u00fcrlichem Aroma, kohlens\u00e4urehaltig, chininhaltig Schweppes Indian Tonic. Boisson gazeuse \u00e0 saveur naturelle. Gaz\u00e9ifi\u00e9e. Valeurs nutritionnelles par: 100 ml \u00c9nergie en kJCalifornie.\u00a0160 \u00c9nergie en kcalCalifornie.\u00a037 GraisseCalifornie.\u00a00g les acides gras satur\u00e9sCalifornie.\u00a00g Prot\u00e9ineCalifornie.\u00a00g SelCalifornie.\u00a00g<\/p>","protected":false},"featured_media":12286,"template":"","meta":[],"product_cat":[416],"product_tag":[],"acf":[],"_links":{"self":[{"href":"https:\/\/dev.sos-shop.ch\/en\/wp-json\/wp\/v2\/product\/12285"}],"collection":[{"href":"https:\/\/dev.sos-shop.ch\/en\/wp-json\/wp\/v2\/product"}],"about":[{"href":"https:\/\/dev.sos-shop.ch\/en\/wp-json\/wp\/v2\/types\/product"}],"version-history":[{"count":0,"href":"https:\/\/dev.sos-shop.ch\/en\/wp-json\/wp\/v2\/product\/12285\/revisions"}],"wp:featuredmedia":[{"embeddable":true,"href":"https:\/\/dev.sos-shop.ch\/en\/wp-json\/wp\/v2\/media\/12286"}],"wp:attachment":[{"href":"https:\/\/dev.sos-shop.ch\/en\/wp-json\/wp\/v2\/media?parent=12285"}],"wp:term":[{"taxonomy":"product_cat","embeddable":true,"href":"https:\/\/dev.sos-shop.ch\/en\/wp-json\/wp\/v2\/product_cat?post=12285"},{"taxonomy":"product_tag","embeddable":true,"href":"https:\/\/dev.sos-shop.ch\/en\/wp-json\/wp\/v2\/product_tag?post=12285"}],"curies":[{"name":"wp","href":"https:\/\/api.w.org\/{rel}","templated":true}]}}