{"id":12185,"date":"2020-10-07T14:37:59","date_gmt":"2020-10-07T13:37:59","guid":{"rendered":"https:\/\/sos-shop.ch\/?post_type=product&#038;p=12185"},"modified":"2025-03-17T04:41:15","modified_gmt":"2025-03-17T03:41:15","slug":"corte-federico-terre-siciliane-igt-bag-in-box__trashed","status":"publish","type":"product","link":"https:\/\/dev.sos-shop.ch\/en\/shop\/corte-federico-terre-siciliane-igt-bag-in-box__trashed\/","title":{"rendered":"Corte Federico Terre Siciliane IGT Bag-in-Box"},"content":{"rendered":"<p><span>Rouge rubis intense, \u00e9pic\u00e9 avec des notes de fruits rouges, de m\u00fbres et de cerises.\u00a0<\/span><span>Plein, avec une bonne structure et des tanins ronds.\u00a0<\/span><span>Long arri\u00e8re-go\u00fbt.<\/span><\/p>","protected":false},"excerpt":{"rendered":"<p>Rouge rubis intense, \u00e9pic\u00e9 avec des notes de fruits rouges, de m\u00fbres et de cerises.\u00a0Plein, avec une bonne structure et des tanins ronds.\u00a0Long arri\u00e8re-go\u00fbt.<\/p>","protected":false},"featured_media":12188,"template":"","meta":[],"product_cat":[416],"product_tag":[],"acf":[],"_links":{"self":[{"href":"https:\/\/dev.sos-shop.ch\/en\/wp-json\/wp\/v2\/product\/12185"}],"collection":[{"href":"https:\/\/dev.sos-shop.ch\/en\/wp-json\/wp\/v2\/product"}],"about":[{"href":"https:\/\/dev.sos-shop.ch\/en\/wp-json\/wp\/v2\/types\/product"}],"version-history":[{"count":0,"href":"https:\/\/dev.sos-shop.ch\/en\/wp-json\/wp\/v2\/product\/12185\/revisions"}],"wp:featuredmedia":[{"embeddable":true,"href":"https:\/\/dev.sos-shop.ch\/en\/wp-json\/wp\/v2\/media\/12188"}],"wp:attachment":[{"href":"https:\/\/dev.sos-shop.ch\/en\/wp-json\/wp\/v2\/media?parent=12185"}],"wp:term":[{"taxonomy":"product_cat","embeddable":true,"href":"https:\/\/dev.sos-shop.ch\/en\/wp-json\/wp\/v2\/product_cat?post=12185"},{"taxonomy":"product_tag","embeddable":true,"href":"https:\/\/dev.sos-shop.ch\/en\/wp-json\/wp\/v2\/product_tag?post=12185"}],"curies":[{"name":"wp","href":"https:\/\/api.w.org\/{rel}","templated":true}]}}