{"id":12079,"date":"2020-10-07T12:41:45","date_gmt":"2020-10-07T11:41:45","guid":{"rendered":"https:\/\/sos-shop.ch\/?post_type=product&#038;p=12079"},"modified":"2025-03-17T04:41:15","modified_gmt":"2025-03-17T03:41:15","slug":"henniez-vert-pet","status":"publish","type":"product","link":"https:\/\/dev.sos-shop.ch\/en\/shop\/henniez-vert-pet\/","title":{"rendered":"Henniez vert PET 6x50cl"},"content":{"rendered":"<div>Conditionnement\u00a050<\/div>\n<div>Paie\u00a0Suisse<\/div>\n<div>Contenant\u00a0ANIMAL DE COMPAGNIE<\/div>\n<div>Emballage\u00a0Pack<\/div>\n<div>ProducteurL\u0092eau min\u00e9rale HENNIEZ tient son nom du village du m\u00eame nom, la source et l\u0092usine se trouvant \u00e0 proximit\u00e9. Henniez est une commune du canton de Vaud, situ\u00e9e \u00e0 mi-chemin entre Moudon et Payerne dans le district de la Broye-Vully. Le village compte pr\u00e8s de<\/div>\n<div>R\u00e9gion\u00a0Vaud<\/div>\n<div>Sous-r\u00e9gion\u00a0Henniez<\/div>\n<div>Unit\u00e9 de base\u00a0Paquet 24<\/div>\n<div>Fabricant\u00a0Henniez<\/div>\n<div>R\u00e9f\u00e9rence BLAD\u00a01031002<\/div>\n<div>EAN\u00a07610235240565<\/div>","protected":false},"excerpt":{"rendered":"<p>Conditionnement\u00a050 Paie\u00a0Suisse Contenant\u00a0ANIMAL DE COMPAGNIE Emballage\u00a0Pack ProducteurL\u0092eau min\u00e9rale HENNIEZ tient son nom du village du m\u00eame nom, la source et l\u0092usine se trouvant \u00e0 proximit\u00e9. Henniez est une commune du canton de Vaud, situ\u00e9e \u00e0 mi-chemin entre Moudon et Payerne dans le district de la Broye-Vully. Le village compte pr\u00e8s de R\u00e9gion\u00a0Vaud Sous-r\u00e9gion\u00a0Henniez Unit\u00e9 de&hellip;<\/p>","protected":false},"featured_media":25065,"template":"","meta":[],"product_cat":[416],"product_tag":[],"acf":[],"_links":{"self":[{"href":"https:\/\/dev.sos-shop.ch\/en\/wp-json\/wp\/v2\/product\/12079"}],"collection":[{"href":"https:\/\/dev.sos-shop.ch\/en\/wp-json\/wp\/v2\/product"}],"about":[{"href":"https:\/\/dev.sos-shop.ch\/en\/wp-json\/wp\/v2\/types\/product"}],"version-history":[{"count":0,"href":"https:\/\/dev.sos-shop.ch\/en\/wp-json\/wp\/v2\/product\/12079\/revisions"}],"wp:featuredmedia":[{"embeddable":true,"href":"https:\/\/dev.sos-shop.ch\/en\/wp-json\/wp\/v2\/media\/25065"}],"wp:attachment":[{"href":"https:\/\/dev.sos-shop.ch\/en\/wp-json\/wp\/v2\/media?parent=12079"}],"wp:term":[{"taxonomy":"product_cat","embeddable":true,"href":"https:\/\/dev.sos-shop.ch\/en\/wp-json\/wp\/v2\/product_cat?post=12079"},{"taxonomy":"product_tag","embeddable":true,"href":"https:\/\/dev.sos-shop.ch\/en\/wp-json\/wp\/v2\/product_tag?post=12079"}],"curies":[{"name":"wp","href":"https:\/\/api.w.org\/{rel}","templated":true}]}}