{"id":12030,"date":"2020-10-07T10:54:51","date_gmt":"2020-10-07T09:54:51","guid":{"rendered":"https:\/\/sos-shop.ch\/?post_type=product&#038;p=12030"},"modified":"2025-03-17T04:41:16","modified_gmt":"2025-03-17T03:41:16","slug":"pulltex-pulltaps-tire-bouchon__trashed","status":"publish","type":"product","link":"https:\/\/dev.sos-shop.ch\/en\/shop\/pulltex-pulltaps-tire-bouchon__trashed\/","title":{"rendered":"Pulltex Pulltap&#8217;s Tire-bouchon 1pc"},"content":{"rendered":"<p>Le double levier du\u00a0<strong>Tire-bouchon Pulltap\u2019s\u00a0<\/strong>a r\u00e9volutionn\u00e9 le d\u00e9bouchage. Il permet d\u2019extraire sans effort les bouchons en deux temps, sans les tordre ni les casser. Le mod\u00e8le le plus utilis\u00e9 par les professionnels de la restauration.<\/p>","protected":false},"excerpt":{"rendered":"<p>Le double levier du\u00a0Tire-bouchon Pulltap\u2019s\u00a0a r\u00e9volutionn\u00e9 le d\u00e9bouchage. Il permet d\u2019extraire sans effort les bouchons en deux temps, sans les tordre ni les casser. Le mod\u00e8le le plus utilis\u00e9 par les professionnels de la restauration.<\/p>","protected":false},"featured_media":12031,"template":"","meta":[],"product_cat":[683],"product_tag":[],"acf":[],"_links":{"self":[{"href":"https:\/\/dev.sos-shop.ch\/en\/wp-json\/wp\/v2\/product\/12030"}],"collection":[{"href":"https:\/\/dev.sos-shop.ch\/en\/wp-json\/wp\/v2\/product"}],"about":[{"href":"https:\/\/dev.sos-shop.ch\/en\/wp-json\/wp\/v2\/types\/product"}],"version-history":[{"count":0,"href":"https:\/\/dev.sos-shop.ch\/en\/wp-json\/wp\/v2\/product\/12030\/revisions"}],"wp:featuredmedia":[{"embeddable":true,"href":"https:\/\/dev.sos-shop.ch\/en\/wp-json\/wp\/v2\/media\/12031"}],"wp:attachment":[{"href":"https:\/\/dev.sos-shop.ch\/en\/wp-json\/wp\/v2\/media?parent=12030"}],"wp:term":[{"taxonomy":"product_cat","embeddable":true,"href":"https:\/\/dev.sos-shop.ch\/en\/wp-json\/wp\/v2\/product_cat?post=12030"},{"taxonomy":"product_tag","embeddable":true,"href":"https:\/\/dev.sos-shop.ch\/en\/wp-json\/wp\/v2\/product_tag?post=12030"}],"curies":[{"name":"wp","href":"https:\/\/api.w.org\/{rel}","templated":true}]}}