{"id":11983,"date":"2020-10-07T10:30:28","date_gmt":"2020-10-07T09:30:28","guid":{"rendered":"https:\/\/sos-shop.ch\/?post_type=product&#038;p=11983"},"modified":"2025-03-17T04:41:16","modified_gmt":"2025-03-17T03:41:16","slug":"fleur-dor-aoc-monbazillac__trashed","status":"publish","type":"product","link":"https:\/\/dev.sos-shop.ch\/en\/shop\/fleur-dor-aoc-monbazillac__trashed\/","title":{"rendered":"Fleur d&#8217;Or AOC Monbazillac"},"content":{"rendered":"<p>Robe jaune dor\u00e9 aux reflets verd\u00e2tres. Nez aux ar\u00f4mes fins de miel et de confiture avec une note de p\u00eache. Bouche ronde et finale agr\u00e9ablement fruit\u00e9e.<\/p>","protected":false},"excerpt":{"rendered":"<p>Robe jaune dor\u00e9 aux reflets verd\u00e2tres. Nez aux ar\u00f4mes fins de miel et de confiture avec une note de p\u00eache. Bouche ronde et finale agr\u00e9ablement fruit\u00e9e.<\/p>","protected":false},"featured_media":11985,"template":"","meta":[],"product_cat":[416],"product_tag":[],"acf":[],"_links":{"self":[{"href":"https:\/\/dev.sos-shop.ch\/en\/wp-json\/wp\/v2\/product\/11983"}],"collection":[{"href":"https:\/\/dev.sos-shop.ch\/en\/wp-json\/wp\/v2\/product"}],"about":[{"href":"https:\/\/dev.sos-shop.ch\/en\/wp-json\/wp\/v2\/types\/product"}],"version-history":[{"count":0,"href":"https:\/\/dev.sos-shop.ch\/en\/wp-json\/wp\/v2\/product\/11983\/revisions"}],"wp:featuredmedia":[{"embeddable":true,"href":"https:\/\/dev.sos-shop.ch\/en\/wp-json\/wp\/v2\/media\/11985"}],"wp:attachment":[{"href":"https:\/\/dev.sos-shop.ch\/en\/wp-json\/wp\/v2\/media?parent=11983"}],"wp:term":[{"taxonomy":"product_cat","embeddable":true,"href":"https:\/\/dev.sos-shop.ch\/en\/wp-json\/wp\/v2\/product_cat?post=11983"},{"taxonomy":"product_tag","embeddable":true,"href":"https:\/\/dev.sos-shop.ch\/en\/wp-json\/wp\/v2\/product_tag?post=11983"}],"curies":[{"name":"wp","href":"https:\/\/api.w.org\/{rel}","templated":true}]}}