{"id":11976,"date":"2020-10-07T10:24:01","date_gmt":"2020-10-07T09:24:01","guid":{"rendered":"https:\/\/sos-shop.ch\/?post_type=product&#038;p=11976"},"modified":"2025-03-17T04:41:16","modified_gmt":"2025-03-17T03:41:16","slug":"cotes-du-rhone-aoc-2__trashed","status":"publish","type":"product","link":"https:\/\/dev.sos-shop.ch\/en\/shop\/cotes-du-rhone-aoc-2__trashed\/","title":{"rendered":"C\u00f4tes-du-Rh\u00f4ne AOC"},"content":{"rendered":"<h5><b><span>Information nutritionnelle:<\/span><\/b><\/h5>\n<table class=\"e-table util-maxwidth-400\">\n<tbody>\n<tr class=\"e-table__row\">\n<th class=\"e-table__header\"><\/th>\n<th class=\"e-table__header util-text-right\"><span>pour 100 ml<\/span><\/th>\n<\/tr>\n<tr class=\"e-table__row\">\n<td class=\"e-table__data\"><span>\u00c9nergie<\/span><\/td>\n<td class=\"e-table__data util-text-right\"><span>\u00a0\u00a0339,13 kJ \/ 81 kcal<\/span><\/td>\n<\/tr>\n<tr class=\"e-table__row e-table__row--em\">\n<td class=\"e-table__data\"><span>Graisse<\/span><\/td>\n<td class=\"e-table__data util-text-right\"><span>\u00a0\u00a00 g<\/span><\/td>\n<\/tr>\n<tr class=\"e-table__row\">\n<td class=\"e-table__data\"><span>Les glucides<\/span><\/td>\n<td class=\"e-table__data util-text-right\"><span>\u00a0\u00a00,4 g<\/span><\/td>\n<\/tr>\n<tr class=\"e-table__row e-table__row--em\">\n<td class=\"e-table__data\"><span>Prot\u00e9ine<\/span><\/td>\n<td class=\"e-table__data util-text-right\"><span>\u00a0\u00a00,1 g<\/span><\/td>\n<\/tr>\n<\/tbody>\n<\/table>\n<p><b><span>Go\u00fbt:<\/span><\/b><span>\u00a0Couleur: Rouge profond et fonc\u00e9.\u00a0Brillant.\u00a0Nez: Fruits frais avec des baies rouges et noires.\u00a0Bouche: ample, puissante et rac\u00e9e.\u00a0Tanins ronds et souples.\u00a0Un vin cors\u00e9 riche et intens\u00e9ment aromatique.\u00a0Dans l&#8217;ensemble: Plein avec une finale douce et beaucoup d&#8217;\u00e9l\u00e9gance et de finesse gr\u00e2ce aux tanins et aux fruits bien \u00e9quilibr\u00e9s.<\/span><\/p>","protected":false},"excerpt":{"rendered":"<p>Information nutritionnelle: pour 100 ml \u00c9nergie \u00a0\u00a0339,13 kJ \/ 81 kcal Graisse \u00a0\u00a00 g Les glucides \u00a0\u00a00,4 g Prot\u00e9ine \u00a0\u00a00,1 g Go\u00fbt:\u00a0Couleur: Rouge profond et fonc\u00e9.\u00a0Brillant.\u00a0Nez: Fruits frais avec des baies rouges et noires.\u00a0Bouche: ample, puissante et rac\u00e9e.\u00a0Tanins ronds et souples.\u00a0Un vin cors\u00e9 riche et intens\u00e9ment aromatique.\u00a0Dans l&#8217;ensemble: Plein avec une finale douce et beaucoup&hellip;<\/p>","protected":false},"featured_media":19272,"template":"","meta":[],"product_cat":[416],"product_tag":[],"acf":[],"_links":{"self":[{"href":"https:\/\/dev.sos-shop.ch\/en\/wp-json\/wp\/v2\/product\/11976"}],"collection":[{"href":"https:\/\/dev.sos-shop.ch\/en\/wp-json\/wp\/v2\/product"}],"about":[{"href":"https:\/\/dev.sos-shop.ch\/en\/wp-json\/wp\/v2\/types\/product"}],"version-history":[{"count":0,"href":"https:\/\/dev.sos-shop.ch\/en\/wp-json\/wp\/v2\/product\/11976\/revisions"}],"wp:featuredmedia":[{"embeddable":true,"href":"https:\/\/dev.sos-shop.ch\/en\/wp-json\/wp\/v2\/media\/19272"}],"wp:attachment":[{"href":"https:\/\/dev.sos-shop.ch\/en\/wp-json\/wp\/v2\/media?parent=11976"}],"wp:term":[{"taxonomy":"product_cat","embeddable":true,"href":"https:\/\/dev.sos-shop.ch\/en\/wp-json\/wp\/v2\/product_cat?post=11976"},{"taxonomy":"product_tag","embeddable":true,"href":"https:\/\/dev.sos-shop.ch\/en\/wp-json\/wp\/v2\/product_tag?post=11976"}],"curies":[{"name":"wp","href":"https:\/\/api.w.org\/{rel}","templated":true}]}}