{"id":11954,"date":"2020-10-07T09:05:55","date_gmt":"2020-10-07T08:05:55","guid":{"rendered":"https:\/\/sos-shop.ch\/?post_type=product&#038;p=11954"},"modified":"2025-03-17T04:41:17","modified_gmt":"2025-03-17T03:41:17","slug":"porta-leone-brut-prosecco-doc-piccolo__trashed","status":"publish","type":"product","link":"https:\/\/dev.sos-shop.ch\/en\/shop\/porta-leone-brut-prosecco-doc-piccolo__trashed\/","title":{"rendered":"Porta Leone Brut Prosecco DOC Piccolo"},"content":{"rendered":"<p><span>Jaune paille p\u00e2le.\u00a0<\/span><span>Perlage \u00e9l\u00e9gant et persistant.\u00a0<\/span><span>Ar\u00f4me fin de p\u00eaches blanches.\u00a0<\/span><span>En bouche, il r\u00e9v\u00e8le une acidit\u00e9 fra\u00eeche et une finale d\u00e9licate.<\/span><\/p>","protected":false},"excerpt":{"rendered":"<p>Jaune paille p\u00e2le.\u00a0Perlage \u00e9l\u00e9gant et persistant.\u00a0Ar\u00f4me fin de p\u00eaches blanches.\u00a0En bouche, il r\u00e9v\u00e8le une acidit\u00e9 fra\u00eeche et une finale d\u00e9licate.<\/p>","protected":false},"featured_media":11955,"template":"","meta":[],"product_cat":[416],"product_tag":[],"acf":[],"_links":{"self":[{"href":"https:\/\/dev.sos-shop.ch\/en\/wp-json\/wp\/v2\/product\/11954"}],"collection":[{"href":"https:\/\/dev.sos-shop.ch\/en\/wp-json\/wp\/v2\/product"}],"about":[{"href":"https:\/\/dev.sos-shop.ch\/en\/wp-json\/wp\/v2\/types\/product"}],"version-history":[{"count":0,"href":"https:\/\/dev.sos-shop.ch\/en\/wp-json\/wp\/v2\/product\/11954\/revisions"}],"wp:featuredmedia":[{"embeddable":true,"href":"https:\/\/dev.sos-shop.ch\/en\/wp-json\/wp\/v2\/media\/11955"}],"wp:attachment":[{"href":"https:\/\/dev.sos-shop.ch\/en\/wp-json\/wp\/v2\/media?parent=11954"}],"wp:term":[{"taxonomy":"product_cat","embeddable":true,"href":"https:\/\/dev.sos-shop.ch\/en\/wp-json\/wp\/v2\/product_cat?post=11954"},{"taxonomy":"product_tag","embeddable":true,"href":"https:\/\/dev.sos-shop.ch\/en\/wp-json\/wp\/v2\/product_tag?post=11954"}],"curies":[{"name":"wp","href":"https:\/\/api.w.org\/{rel}","templated":true}]}}