{"id":11941,"date":"2020-10-07T08:59:02","date_gmt":"2020-10-07T07:59:02","guid":{"rendered":"https:\/\/sos-shop.ch\/?post_type=product&#038;p=11941"},"modified":"2025-03-17T04:41:17","modified_gmt":"2025-03-17T03:41:17","slug":"col-del-sol-prosecco-valdobbiadene-docg-extra-dry__trashed","status":"publish","type":"product","link":"https:\/\/dev.sos-shop.ch\/en\/shop\/col-del-sol-prosecco-valdobbiadene-docg-extra-dry__trashed\/","title":{"rendered":"Col del Sol Prosecco Valdobbiadene DOCG  Extra Dry"},"content":{"rendered":"<p>Jaune citron clair.\u00a0Parfum s\u00e9duisant de pomme verte et d&#8217;agrumes.\u00a0En bouche, il donne un beau perlage.\u00a0Tr\u00e8s frais et fruit\u00e9, avec un ar\u00f4me persistant.<\/p>","protected":false},"excerpt":{"rendered":"<p>Jaune citron clair.\u00a0Parfum s\u00e9duisant de pomme verte et d&#8217;agrumes.\u00a0En bouche, il donne un beau perlage.\u00a0Tr\u00e8s frais et fruit\u00e9, avec un ar\u00f4me persistant.<\/p>","protected":false},"featured_media":11942,"template":"","meta":[],"product_cat":[416],"product_tag":[],"acf":[],"_links":{"self":[{"href":"https:\/\/dev.sos-shop.ch\/en\/wp-json\/wp\/v2\/product\/11941"}],"collection":[{"href":"https:\/\/dev.sos-shop.ch\/en\/wp-json\/wp\/v2\/product"}],"about":[{"href":"https:\/\/dev.sos-shop.ch\/en\/wp-json\/wp\/v2\/types\/product"}],"version-history":[{"count":0,"href":"https:\/\/dev.sos-shop.ch\/en\/wp-json\/wp\/v2\/product\/11941\/revisions"}],"wp:featuredmedia":[{"embeddable":true,"href":"https:\/\/dev.sos-shop.ch\/en\/wp-json\/wp\/v2\/media\/11942"}],"wp:attachment":[{"href":"https:\/\/dev.sos-shop.ch\/en\/wp-json\/wp\/v2\/media?parent=11941"}],"wp:term":[{"taxonomy":"product_cat","embeddable":true,"href":"https:\/\/dev.sos-shop.ch\/en\/wp-json\/wp\/v2\/product_cat?post=11941"},{"taxonomy":"product_tag","embeddable":true,"href":"https:\/\/dev.sos-shop.ch\/en\/wp-json\/wp\/v2\/product_tag?post=11941"}],"curies":[{"name":"wp","href":"https:\/\/api.w.org\/{rel}","templated":true}]}}