{"id":11758,"date":"2020-10-07T07:11:53","date_gmt":"2020-10-07T06:11:53","guid":{"rendered":"https:\/\/sos-shop.ch\/?post_type=product&#038;p=11758"},"modified":"2025-03-17T04:41:17","modified_gmt":"2025-03-17T03:41:17","slug":"les-glycines-chasselas-romand-vdp-vin-de-pays__trashed","status":"publish","type":"product","link":"https:\/\/dev.sos-shop.ch\/en\/shop\/les-glycines-chasselas-romand-vdp-vin-de-pays__trashed\/","title":{"rendered":"Les Glycines Chasselas Romand vin de pays"},"content":{"rendered":"<p>Robe jaune clair. Nez d\u00e9licat d&#8217;ananas et de silex. Acidit\u00e9 fra\u00eeche en bouche, finale moyennement longue.<\/p>","protected":false},"excerpt":{"rendered":"<p>Robe jaune clair. Nez d\u00e9licat d&#8217;ananas et de silex. Acidit\u00e9 fra\u00eeche en bouche, finale moyennement longue.<\/p>","protected":false},"featured_media":30074,"template":"","meta":[],"product_cat":[416],"product_tag":[],"acf":[],"_links":{"self":[{"href":"https:\/\/dev.sos-shop.ch\/en\/wp-json\/wp\/v2\/product\/11758"}],"collection":[{"href":"https:\/\/dev.sos-shop.ch\/en\/wp-json\/wp\/v2\/product"}],"about":[{"href":"https:\/\/dev.sos-shop.ch\/en\/wp-json\/wp\/v2\/types\/product"}],"version-history":[{"count":0,"href":"https:\/\/dev.sos-shop.ch\/en\/wp-json\/wp\/v2\/product\/11758\/revisions"}],"wp:featuredmedia":[{"embeddable":true,"href":"https:\/\/dev.sos-shop.ch\/en\/wp-json\/wp\/v2\/media\/30074"}],"wp:attachment":[{"href":"https:\/\/dev.sos-shop.ch\/en\/wp-json\/wp\/v2\/media?parent=11758"}],"wp:term":[{"taxonomy":"product_cat","embeddable":true,"href":"https:\/\/dev.sos-shop.ch\/en\/wp-json\/wp\/v2\/product_cat?post=11758"},{"taxonomy":"product_tag","embeddable":true,"href":"https:\/\/dev.sos-shop.ch\/en\/wp-json\/wp\/v2\/product_tag?post=11758"}],"curies":[{"name":"wp","href":"https:\/\/api.w.org\/{rel}","templated":true}]}}