{"id":11692,"date":"2020-10-06T13:20:43","date_gmt":"2020-10-06T12:20:43","guid":{"rendered":"https:\/\/sos-shop.ch\/?post_type=product&#038;p=11692"},"modified":"2025-03-17T04:41:18","modified_gmt":"2025-03-17T03:41:18","slug":"crin-roja-tempranillo-vino-de-la-tierra-de-castilla__trashed","status":"publish","type":"product","link":"https:\/\/dev.sos-shop.ch\/en\/shop\/crin-roja-tempranillo-vino-de-la-tierra-de-castilla__trashed\/","title":{"rendered":"Crin Roja Tempranillo Vino de la Tierra de Castilla 75cl"},"content":{"rendered":"<p>Violet fonc\u00e9.\u00a0Odeurs d&#8217;herbes, de compote et de raisins secs.\u00a0Bouche ample avec des tanins ronds.\u00a0\u00c7a a l&#8217;air juteux jusqu&#8217;\u00e0 la derni\u00e8re gorg\u00e9e.<\/p>","protected":false},"excerpt":{"rendered":"<p>Violet fonc\u00e9.\u00a0Odeurs d&#8217;herbes, de compote et de raisins secs.\u00a0Bouche ample avec des tanins ronds.\u00a0\u00c7a a l&#8217;air juteux jusqu&#8217;\u00e0 la derni\u00e8re gorg\u00e9e.<\/p>","protected":false},"featured_media":29921,"template":"","meta":[],"product_cat":[416],"product_tag":[],"acf":[],"_links":{"self":[{"href":"https:\/\/dev.sos-shop.ch\/en\/wp-json\/wp\/v2\/product\/11692"}],"collection":[{"href":"https:\/\/dev.sos-shop.ch\/en\/wp-json\/wp\/v2\/product"}],"about":[{"href":"https:\/\/dev.sos-shop.ch\/en\/wp-json\/wp\/v2\/types\/product"}],"version-history":[{"count":0,"href":"https:\/\/dev.sos-shop.ch\/en\/wp-json\/wp\/v2\/product\/11692\/revisions"}],"wp:featuredmedia":[{"embeddable":true,"href":"https:\/\/dev.sos-shop.ch\/en\/wp-json\/wp\/v2\/media\/29921"}],"wp:attachment":[{"href":"https:\/\/dev.sos-shop.ch\/en\/wp-json\/wp\/v2\/media?parent=11692"}],"wp:term":[{"taxonomy":"product_cat","embeddable":true,"href":"https:\/\/dev.sos-shop.ch\/en\/wp-json\/wp\/v2\/product_cat?post=11692"},{"taxonomy":"product_tag","embeddable":true,"href":"https:\/\/dev.sos-shop.ch\/en\/wp-json\/wp\/v2\/product_tag?post=11692"}],"curies":[{"name":"wp","href":"https:\/\/api.w.org\/{rel}","templated":true}]}}