{"id":11599,"date":"2020-10-05T11:14:43","date_gmt":"2020-10-05T10:14:43","guid":{"rendered":"https:\/\/sos-shop.ch\/?post_type=product&#038;p=11599"},"modified":"2025-03-17T04:41:19","modified_gmt":"2025-03-17T03:41:19","slug":"denner-lait-drink-uht-15-matiere-grasse-2","status":"publish","type":"product","link":"https:\/\/dev.sos-shop.ch\/en\/shop\/denner-lait-drink-uht-15-matiere-grasse-2\/","title":{"rendered":"Denner Lait UHT 1,5% mat. grasse 2L"},"content":{"rendered":"<p><span data-sheets-value=\"{&quot;1&quot;:2,&quot;2&quot;:&quot;Lait entier standardis\u00e9, lait entiern1,5% Mati\u00e8res grasses laiti\u00e8res UHT 1,5% MG 6x1,5lnlait\u00a0entier\u00a0standardis\u00e9.\u00a0UHT, homog\u00e8ne.&quot;}\" data-sheets-userformat=\"{&quot;2&quot;:4737,&quot;3&quot;:{&quot;1&quot;:0},&quot;10&quot;:2,&quot;12&quot;:0,&quot;15&quot;:&quot;Arial&quot;}\">Lait entier standardis\u00e9, lait entier<br \/>\n1,5% Mati\u00e8res grasses laiti\u00e8res UHT 1,5% MG 6&#215;1,5l<br \/>\nlait\u00a0entier\u00a0standardis\u00e9.\u00a0UHT, homog\u00e8ne.<\/span><\/p>","protected":false},"excerpt":{"rendered":"<p>Lait entier standardis\u00e9, lait entier 1,5% Mati\u00e8res grasses laiti\u00e8res UHT 1,5% MG 6&#215;1,5l lait\u00a0entier\u00a0standardis\u00e9.\u00a0UHT, homog\u00e8ne.<\/p>","protected":false},"featured_media":21865,"template":"","meta":[],"product_cat":[116],"product_tag":[],"acf":[],"_links":{"self":[{"href":"https:\/\/dev.sos-shop.ch\/en\/wp-json\/wp\/v2\/product\/11599"}],"collection":[{"href":"https:\/\/dev.sos-shop.ch\/en\/wp-json\/wp\/v2\/product"}],"about":[{"href":"https:\/\/dev.sos-shop.ch\/en\/wp-json\/wp\/v2\/types\/product"}],"version-history":[{"count":0,"href":"https:\/\/dev.sos-shop.ch\/en\/wp-json\/wp\/v2\/product\/11599\/revisions"}],"wp:featuredmedia":[{"embeddable":true,"href":"https:\/\/dev.sos-shop.ch\/en\/wp-json\/wp\/v2\/media\/21865"}],"wp:attachment":[{"href":"https:\/\/dev.sos-shop.ch\/en\/wp-json\/wp\/v2\/media?parent=11599"}],"wp:term":[{"taxonomy":"product_cat","embeddable":true,"href":"https:\/\/dev.sos-shop.ch\/en\/wp-json\/wp\/v2\/product_cat?post=11599"},{"taxonomy":"product_tag","embeddable":true,"href":"https:\/\/dev.sos-shop.ch\/en\/wp-json\/wp\/v2\/product_tag?post=11599"}],"curies":[{"name":"wp","href":"https:\/\/api.w.org\/{rel}","templated":true}]}}