{"id":10975,"date":"2020-10-04T13:46:49","date_gmt":"2020-10-04T12:46:49","guid":{"rendered":"https:\/\/sos-shop.ch\/?post_type=product&#038;p=10975"},"modified":"2025-03-17T04:41:30","modified_gmt":"2025-03-17T03:41:30","slug":"nestle-nesquik-cereales","status":"publish","type":"product","link":"https:\/\/dev.sos-shop.ch\/en\/shop\/nestle-nesquik-cereales\/","title":{"rendered":"Nestl\u00e9 Nesquik c\u00e9r\u00e9ales 500g"},"content":{"rendered":"<h5>Valeurs nutritionnelles100 g contiennent<\/h5>\n<p>Valeur \u00e9nerg\u00e9tique 1610 kJ \/ 380 kcal, Prot\u00e9ines 7.2g, Glucides 79.1g, dont sucres 33g, Lipides 3,9g dont acides gras satur\u00e9s 1,6g, Fibres alimentaires 5.1g, Sels min\u00e9raux: Sodium 0.2g, calcium 267mg (30% de l&#8217;apport journalier recommand\u00e9), fer 11.9mg (85% de l&#8217;apport journalier recommand\u00e9).<\/p>\n<h5>Compl\u00e9ment d&#8217;info<\/h5>\n<p>1 portion de Nesquik avec son lait couvrent 30% du besoin journalier en Calcium. Enrichi en Calcium. Avec 8 vitamines + fer.<\/p>","protected":false},"excerpt":{"rendered":"<p>Valeurs nutritionnelles100 g contiennent Valeur \u00e9nerg\u00e9tique 1610 kJ \/ 380 kcal, Prot\u00e9ines 7.2g, Glucides 79.1g, dont sucres 33g, Lipides 3,9g dont acides gras satur\u00e9s 1,6g, Fibres alimentaires 5.1g, Sels min\u00e9raux: Sodium 0.2g, calcium 267mg (30% de l&#8217;apport journalier recommand\u00e9), fer 11.9mg (85% de l&#8217;apport journalier recommand\u00e9). Compl\u00e9ment d&#8217;info 1 portion de Nesquik avec son lait&hellip;<\/p>","protected":false},"featured_media":10976,"template":"","meta":[],"product_cat":[116],"product_tag":[],"acf":[],"_links":{"self":[{"href":"https:\/\/dev.sos-shop.ch\/en\/wp-json\/wp\/v2\/product\/10975"}],"collection":[{"href":"https:\/\/dev.sos-shop.ch\/en\/wp-json\/wp\/v2\/product"}],"about":[{"href":"https:\/\/dev.sos-shop.ch\/en\/wp-json\/wp\/v2\/types\/product"}],"version-history":[{"count":0,"href":"https:\/\/dev.sos-shop.ch\/en\/wp-json\/wp\/v2\/product\/10975\/revisions"}],"wp:featuredmedia":[{"embeddable":true,"href":"https:\/\/dev.sos-shop.ch\/en\/wp-json\/wp\/v2\/media\/10976"}],"wp:attachment":[{"href":"https:\/\/dev.sos-shop.ch\/en\/wp-json\/wp\/v2\/media?parent=10975"}],"wp:term":[{"taxonomy":"product_cat","embeddable":true,"href":"https:\/\/dev.sos-shop.ch\/en\/wp-json\/wp\/v2\/product_cat?post=10975"},{"taxonomy":"product_tag","embeddable":true,"href":"https:\/\/dev.sos-shop.ch\/en\/wp-json\/wp\/v2\/product_tag?post=10975"}],"curies":[{"name":"wp","href":"https:\/\/api.w.org\/{rel}","templated":true}]}}