{"id":10951,"date":"2020-10-04T13:12:40","date_gmt":"2020-10-04T12:12:40","guid":{"rendered":"https:\/\/sos-shop.ch\/?post_type=product&#038;p=10951"},"modified":"2025-03-17T04:41:30","modified_gmt":"2025-03-17T03:41:30","slug":"chicco-doro-capsules-tradition-10-portions","status":"publish","type":"product","link":"https:\/\/dev.sos-shop.ch\/en\/shop\/chicco-doro-capsules-tradition-10-portions\/","title":{"rendered":"Chicco d&#8217;Oro Tradition 10caps"},"content":{"rendered":"<div class=\"nutritionInformation-heading__options\" data-ajax-url=\"\/en\/food\/drinks\/hot-drinks\/coffee\/coffee-capsules\/compatible-with-dolce-gusto\/nescafe-dolce-gusto-cafe-au-lait-30-capsules\/p\/4865802\/nutritionInformation\">\n<div class=\"nutritionInformation-heading__option\">Capsules unidoses de caf\u00e9 torr\u00e9fi\u00e9 et moulu<\/div>\n<\/div>","protected":false},"excerpt":{"rendered":"<p>Capsules unidoses de caf\u00e9 torr\u00e9fi\u00e9 et moulu<\/p>","protected":false},"featured_media":10952,"template":"","meta":[],"product_cat":[116,416],"product_tag":[],"acf":[],"_links":{"self":[{"href":"https:\/\/dev.sos-shop.ch\/en\/wp-json\/wp\/v2\/product\/10951"}],"collection":[{"href":"https:\/\/dev.sos-shop.ch\/en\/wp-json\/wp\/v2\/product"}],"about":[{"href":"https:\/\/dev.sos-shop.ch\/en\/wp-json\/wp\/v2\/types\/product"}],"version-history":[{"count":0,"href":"https:\/\/dev.sos-shop.ch\/en\/wp-json\/wp\/v2\/product\/10951\/revisions"}],"wp:featuredmedia":[{"embeddable":true,"href":"https:\/\/dev.sos-shop.ch\/en\/wp-json\/wp\/v2\/media\/10952"}],"wp:attachment":[{"href":"https:\/\/dev.sos-shop.ch\/en\/wp-json\/wp\/v2\/media?parent=10951"}],"wp:term":[{"taxonomy":"product_cat","embeddable":true,"href":"https:\/\/dev.sos-shop.ch\/en\/wp-json\/wp\/v2\/product_cat?post=10951"},{"taxonomy":"product_tag","embeddable":true,"href":"https:\/\/dev.sos-shop.ch\/en\/wp-json\/wp\/v2\/product_tag?post=10951"}],"curies":[{"name":"wp","href":"https:\/\/api.w.org\/{rel}","templated":true}]}}