{"id":10827,"date":"2020-10-03T13:47:02","date_gmt":"2020-10-03T12:47:02","guid":{"rendered":"https:\/\/sos-shop.ch\/?post_type=product&#038;p=10827"},"modified":"2025-03-17T04:41:32","modified_gmt":"2025-03-17T03:41:32","slug":"mastro-lorenzo-crema-en-grains","status":"publish","type":"product","link":"https:\/\/dev.sos-shop.ch\/en\/shop\/mastro-lorenzo-crema-en-grains\/","title":{"rendered":"Mastro Lorenzo Crema  caf\u00e9 grains 500g"},"content":{"rendered":"<p>Caf\u00e9 d\u00e9caf\u00e9in\u00e9, torr\u00e9fi\u00e9 et moulu<br \/>\nLa recette italienne originale et la torr\u00e9faction sp\u00e9ciale garantissent un Caff\u00e8 Mastro Lorenzo de haute qualit\u00e9 avec la mousse cr\u00e9meuse typique.Recette italienne originale de Mastro Lorenzo.<br \/>\n28 portions individuelles.<\/p>\n<p>Pour la mousse cr\u00e9meuse.<\/p>","protected":false},"excerpt":{"rendered":"<p>Caf\u00e9 d\u00e9caf\u00e9in\u00e9, torr\u00e9fi\u00e9 et moulu La recette italienne originale et la torr\u00e9faction sp\u00e9ciale garantissent un Caff\u00e8 Mastro Lorenzo de haute qualit\u00e9 avec la mousse cr\u00e9meuse typique.Recette italienne originale de Mastro Lorenzo. 28 portions individuelles. Pour la mousse cr\u00e9meuse.<\/p>","protected":false},"featured_media":10829,"template":"","meta":[],"product_cat":[116],"product_tag":[],"acf":[],"_links":{"self":[{"href":"https:\/\/dev.sos-shop.ch\/en\/wp-json\/wp\/v2\/product\/10827"}],"collection":[{"href":"https:\/\/dev.sos-shop.ch\/en\/wp-json\/wp\/v2\/product"}],"about":[{"href":"https:\/\/dev.sos-shop.ch\/en\/wp-json\/wp\/v2\/types\/product"}],"version-history":[{"count":0,"href":"https:\/\/dev.sos-shop.ch\/en\/wp-json\/wp\/v2\/product\/10827\/revisions"}],"wp:featuredmedia":[{"embeddable":true,"href":"https:\/\/dev.sos-shop.ch\/en\/wp-json\/wp\/v2\/media\/10829"}],"wp:attachment":[{"href":"https:\/\/dev.sos-shop.ch\/en\/wp-json\/wp\/v2\/media?parent=10827"}],"wp:term":[{"taxonomy":"product_cat","embeddable":true,"href":"https:\/\/dev.sos-shop.ch\/en\/wp-json\/wp\/v2\/product_cat?post=10827"},{"taxonomy":"product_tag","embeddable":true,"href":"https:\/\/dev.sos-shop.ch\/en\/wp-json\/wp\/v2\/product_tag?post=10827"}],"curies":[{"name":"wp","href":"https:\/\/api.w.org\/{rel}","templated":true}]}}