{"id":10513,"date":"2020-10-03T08:21:12","date_gmt":"2020-10-03T07:21:12","guid":{"rendered":"https:\/\/sos-shop.ch\/?post_type=product&#038;p=10513"},"modified":"2025-03-17T04:41:34","modified_gmt":"2025-03-17T03:41:34","slug":"dar-vida-sandwich-chocolat-noisettes__trashed","status":"publish","type":"product","link":"https:\/\/dev.sos-shop.ch\/en\/shop\/dar-vida-sandwich-chocolat-noisettes__trashed\/","title":{"rendered":"Dar Vida Sandwich Chocolat-Noisettes"},"content":{"rendered":"<p>&#8216;Crackers fourr\u00e9s au cacao et \u00e0 la cr\u00e8me de noisettes (36%)&#8217;<br \/>\nD\u00e9lice pr\u00eat \u00e0 l&#8217;emploi: Sandwich au chocolat et cr\u00e8me de noisettes.\u00a0Les craquelins sont pr\u00e9par\u00e9s avec de l&#8217;\u00e9peautre et du bl\u00e9 de haute qualit\u00e9.<\/p>","protected":false},"excerpt":{"rendered":"<p>&#8216;Crackers fourr\u00e9s au cacao et \u00e0 la cr\u00e8me de noisettes (36%)&#8217; D\u00e9lice pr\u00eat \u00e0 l&#8217;emploi: Sandwich au chocolat et cr\u00e8me de noisettes.\u00a0Les craquelins sont pr\u00e9par\u00e9s avec de l&#8217;\u00e9peautre et du bl\u00e9 de haute qualit\u00e9.<\/p>","protected":false},"featured_media":29822,"template":"","meta":[],"product_cat":[116],"product_tag":[],"acf":[],"_links":{"self":[{"href":"https:\/\/dev.sos-shop.ch\/en\/wp-json\/wp\/v2\/product\/10513"}],"collection":[{"href":"https:\/\/dev.sos-shop.ch\/en\/wp-json\/wp\/v2\/product"}],"about":[{"href":"https:\/\/dev.sos-shop.ch\/en\/wp-json\/wp\/v2\/types\/product"}],"version-history":[{"count":0,"href":"https:\/\/dev.sos-shop.ch\/en\/wp-json\/wp\/v2\/product\/10513\/revisions"}],"wp:featuredmedia":[{"embeddable":true,"href":"https:\/\/dev.sos-shop.ch\/en\/wp-json\/wp\/v2\/media\/29822"}],"wp:attachment":[{"href":"https:\/\/dev.sos-shop.ch\/en\/wp-json\/wp\/v2\/media?parent=10513"}],"wp:term":[{"taxonomy":"product_cat","embeddable":true,"href":"https:\/\/dev.sos-shop.ch\/en\/wp-json\/wp\/v2\/product_cat?post=10513"},{"taxonomy":"product_tag","embeddable":true,"href":"https:\/\/dev.sos-shop.ch\/en\/wp-json\/wp\/v2\/product_tag?post=10513"}],"curies":[{"name":"wp","href":"https:\/\/api.w.org\/{rel}","templated":true}]}}