{"id":10462,"date":"2020-10-03T06:41:19","date_gmt":"2020-10-03T05:41:19","guid":{"rendered":"https:\/\/sos-shop.ch\/?post_type=product&#038;p=10462"},"modified":"2025-03-17T04:41:35","modified_gmt":"2025-03-17T03:41:35","slug":"feldschlosschen-1876-dose","status":"publish","type":"product","link":"https:\/\/dev.sos-shop.ch\/en\/shop\/feldschlosschen-1876-dose\/","title":{"rendered":"Feldschl\u00f6sschen 1876 Dose6x50cl"},"content":{"rendered":"<p>Feldschl\u00f6sschen 1876 4.8% vol. 50cl bo\u00eete<\/p>\n<p>Feldschl\u00f6sschen 1876 rend hommage \u00e0 la fondation de la brasserie et \u00e0 un morceau de l&#8217;histoire brassicole suisse.\u00a0Une bi\u00e8re &#8211; savoureuse et pleine de caract\u00e8re, brass\u00e9e selon une recette red\u00e9couverte de cette \u00e9poque.\u00a0Brass\u00e9e selon le proc\u00e9d\u00e9 original, la bi\u00e8re brille d&#8217;une magnifique couleur ambr\u00e9e.\u00a0Le m\u00e9lange de malts d&#8217;orge clair et fonc\u00e9 conf\u00e8re au Feldschl\u00f6sschen 1876 un \u00e9quilibre parfait d&#8217;ar\u00f4mes de bi\u00e8re agr\u00e9ablement \u00e9pic\u00e9s.\u00a0Vif au go\u00fbt, cors\u00e9 en go\u00fbt et avec une l\u00e9g\u00e8re douceur malt\u00e9e en finale, le Feldschl\u00f6sschen 1876 est merveilleusement rafra\u00eechissant.<\/p>","protected":false},"excerpt":{"rendered":"<p>Feldschl\u00f6sschen 1876 4.8% vol. 50cl bo\u00eete Feldschl\u00f6sschen 1876 rend hommage \u00e0 la fondation de la brasserie et \u00e0 un morceau de l&#8217;histoire brassicole suisse.\u00a0Une bi\u00e8re &#8211; savoureuse et pleine de caract\u00e8re, brass\u00e9e selon une recette red\u00e9couverte de cette \u00e9poque.\u00a0Brass\u00e9e selon le proc\u00e9d\u00e9 original, la bi\u00e8re brille d&#8217;une magnifique couleur ambr\u00e9e.\u00a0Le m\u00e9lange de malts d&#8217;orge clair&hellip;<\/p>","protected":false},"featured_media":10463,"template":"","meta":[],"product_cat":[416],"product_tag":[],"acf":[],"_links":{"self":[{"href":"https:\/\/dev.sos-shop.ch\/en\/wp-json\/wp\/v2\/product\/10462"}],"collection":[{"href":"https:\/\/dev.sos-shop.ch\/en\/wp-json\/wp\/v2\/product"}],"about":[{"href":"https:\/\/dev.sos-shop.ch\/en\/wp-json\/wp\/v2\/types\/product"}],"version-history":[{"count":0,"href":"https:\/\/dev.sos-shop.ch\/en\/wp-json\/wp\/v2\/product\/10462\/revisions"}],"wp:featuredmedia":[{"embeddable":true,"href":"https:\/\/dev.sos-shop.ch\/en\/wp-json\/wp\/v2\/media\/10463"}],"wp:attachment":[{"href":"https:\/\/dev.sos-shop.ch\/en\/wp-json\/wp\/v2\/media?parent=10462"}],"wp:term":[{"taxonomy":"product_cat","embeddable":true,"href":"https:\/\/dev.sos-shop.ch\/en\/wp-json\/wp\/v2\/product_cat?post=10462"},{"taxonomy":"product_tag","embeddable":true,"href":"https:\/\/dev.sos-shop.ch\/en\/wp-json\/wp\/v2\/product_tag?post=10462"}],"curies":[{"name":"wp","href":"https:\/\/api.w.org\/{rel}","templated":true}]}}