{"id":10414,"date":"2020-10-03T06:03:27","date_gmt":"2020-10-03T05:03:27","guid":{"rendered":"https:\/\/sos-shop.ch\/?post_type=product&#038;p=10414"},"modified":"2025-03-17T04:41:36","modified_gmt":"2025-03-17T03:41:36","slug":"calanda-biere-radler-boite__trashed","status":"publish","type":"product","link":"https:\/\/dev.sos-shop.ch\/en\/shop\/calanda-biere-radler-boite__trashed\/","title":{"rendered":"Calanda Bi\u00e8re Radler bo\u00eete 6&#215;50 cl"},"content":{"rendered":"<p>Boisson alcoolis\u00e9e \u00e0 la bi\u00e8re<br \/>\nCalanda Radler &#8211; boisson alcoolis\u00e9e \u00e0 la bi\u00e8re m\u00e9lang\u00e9e.\u00a0Alc.\u00a02,0% vol.\u00a0Bo\u00eetes de 6x50cl.\u00a0Avec du jus de citron naturel.<\/p>\n<div class=\"nutritionInformation-heading\">\n<p><span class=\"nutritionInformation-heading__label\">Valeurs nutritionnelles par:<\/span><\/p>\n<div class=\"nutritionInformation-heading__options\" data-ajax-url=\"\/en\/food\/drinks\/beer\/blended-beer-cider\/calanda-radler-beer-6x50cl\/p\/4432080\/nutritionInformation\">\n<div class=\"nutritionInformation-heading__option\"><a class=\"nutritionInformation-heading__option-link nutritionInformation-heading__option-link--active\" href=\"https:\/\/www.coop.ch\/en\/food\/drinks\/beer\/blended-beer-cider\/calanda-radler-beer-6x50cl\/p\/4432080#\" data-nutritioninformation-switch=\"unit\">100 ml<\/a><\/div>\n<\/div>\n<\/div>\n<div class=\"list--dotted__wrapper\">\n<ul class=\"list--dotted col-12 col-md-5\">\n<li class=\"list--dotted-item\"><span class=\"list--dotted-item__label\" data-nutritioninformation-list-item__label=\"\"><span class=\"list--dotted-item__label-text\">\u00c9nergie en kJ<\/span><\/span><span class=\"list--dotted-item__amount\"><span data-nutritioninformation-list-item-value=\"\">Californie.\u00a0162<\/span><\/span><\/li>\n<li class=\"list--dotted-item\"><span class=\"list--dotted-item__label\" data-nutritioninformation-list-item__label=\"\"><span class=\"list--dotted-item__label-text\">\u00c9nergie en kcal<\/span><\/span><span class=\"list--dotted-item__amount\"><span data-nutritioninformation-list-item-value=\"\">Californie.\u00a039<\/span><\/span><\/li>\n<li class=\"list--dotted-item\"><span class=\"list--dotted-item__label\" data-nutritioninformation-list-item__label=\"\"><span class=\"list--dotted-item__label-text\">Graisse<\/span><\/span><span class=\"list--dotted-item__amount\"><span data-nutritioninformation-list-item-value=\"\">&lt;0,5 g<\/span><\/span><\/li>\n<li class=\"list--dotted-item list--dotted-item--indented\"><span class=\"list--dotted-item__label\" data-nutritioninformation-list-item__label=\"\"><span class=\"list--dotted-item__label-text\">les acides gras satur\u00e9s<\/span><\/span><span class=\"list--dotted-item__amount\"><span data-nutritioninformation-list-item-value=\"\">&lt;0,1 g<\/span><\/span><\/li>\n<\/ul>\n<ul class=\"list--dotted col-12 col-md-5\">\n<li class=\"list--dotted-item\"><span class=\"list--dotted-item__label\" data-nutritioninformation-list-item__label=\"\"><span class=\"list--dotted-item__label-text\">Glucides<\/span><\/span><span class=\"list--dotted-item__amount\"><span data-nutritioninformation-list-item-value=\"\">Californie.\u00a06,9 g<\/span><\/span><\/li>\n<li class=\"list--dotted-item list--dotted-item--indented\"><span class=\"list--dotted-item__label\" data-nutritioninformation-list-item__label=\"\"><span class=\"list--dotted-item__label-text\">dont les sucres<\/span><\/span><span class=\"list--dotted-item__amount\"><span data-nutritioninformation-list-item-value=\"\">Californie.\u00a05,3 g<\/span><\/span><\/li>\n<li class=\"list--dotted-item\"><span class=\"list--dotted-item__label\" data-nutritioninformation-list-item__label=\"\"><span class=\"list--dotted-item__label-text\">Prot\u00e9ine<\/span><\/span><span class=\"list--dotted-item__amount\"><span data-nutritioninformation-list-item-value=\"\">&lt;0,5 g<\/span><\/span><\/li>\n<li class=\"list--dotted-item\"><span class=\"list--dotted-item__label\" data-nutritioninformation-list-item__label=\"\"><span class=\"list--dotted-item__label-text\">Sel<\/span><\/span><span class=\"list--dotted-item__amount\"><span data-nutritioninformation-list-item-value=\"\">&lt;0,01 g<\/span><\/span><\/li>\n<\/ul>\n<\/div>","protected":false},"excerpt":{"rendered":"<p>Boisson alcoolis\u00e9e \u00e0 la bi\u00e8re Calanda Radler &#8211; boisson alcoolis\u00e9e \u00e0 la bi\u00e8re m\u00e9lang\u00e9e.\u00a0Alc.\u00a02,0% vol.\u00a0Bo\u00eetes de 6x50cl.\u00a0Avec du jus de citron naturel. Valeurs nutritionnelles par: 100 ml \u00c9nergie en kJCalifornie.\u00a0162 \u00c9nergie en kcalCalifornie.\u00a039 Graisse&lt;0,5 g les acides gras satur\u00e9s&lt;0,1 g GlucidesCalifornie.\u00a06,9 g dont les sucresCalifornie.\u00a05,3 g Prot\u00e9ine&lt;0,5 g Sel&lt;0,01 g<\/p>","protected":false},"featured_media":10418,"template":"","meta":[],"product_cat":[416],"product_tag":[],"acf":[],"_links":{"self":[{"href":"https:\/\/dev.sos-shop.ch\/en\/wp-json\/wp\/v2\/product\/10414"}],"collection":[{"href":"https:\/\/dev.sos-shop.ch\/en\/wp-json\/wp\/v2\/product"}],"about":[{"href":"https:\/\/dev.sos-shop.ch\/en\/wp-json\/wp\/v2\/types\/product"}],"version-history":[{"count":0,"href":"https:\/\/dev.sos-shop.ch\/en\/wp-json\/wp\/v2\/product\/10414\/revisions"}],"wp:featuredmedia":[{"embeddable":true,"href":"https:\/\/dev.sos-shop.ch\/en\/wp-json\/wp\/v2\/media\/10418"}],"wp:attachment":[{"href":"https:\/\/dev.sos-shop.ch\/en\/wp-json\/wp\/v2\/media?parent=10414"}],"wp:term":[{"taxonomy":"product_cat","embeddable":true,"href":"https:\/\/dev.sos-shop.ch\/en\/wp-json\/wp\/v2\/product_cat?post=10414"},{"taxonomy":"product_tag","embeddable":true,"href":"https:\/\/dev.sos-shop.ch\/en\/wp-json\/wp\/v2\/product_tag?post=10414"}],"curies":[{"name":"wp","href":"https:\/\/api.w.org\/{rel}","templated":true}]}}