{"id":10107,"date":"2020-10-02T11:14:50","date_gmt":"2020-10-02T10:14:50","guid":{"rendered":"https:\/\/sos-shop.ch\/?post_type=product&#038;p=10107"},"modified":"2025-03-17T04:41:38","modified_gmt":"2025-03-17T03:41:38","slug":"hardys-nottage-hill-chardonnay-south-eastern-australia__trashed","status":"publish","type":"product","link":"https:\/\/dev.sos-shop.ch\/en\/shop\/hardys-nottage-hill-chardonnay-south-eastern-australia__trashed\/","title":{"rendered":"Hardys Nottage Hill Chardonnay South-Eastern Australia"},"content":{"rendered":"<p>Jaune clair.\u00a0A un parfum intense d&#8217;ananas et de litchi, avec un l\u00e9ger soup\u00e7on de vanille.\u00a0Dans le corps, il est plein, appara\u00eet fruit\u00e9 et juteux \u00e0 la fois.<\/p>","protected":false},"excerpt":{"rendered":"<p>Jaune clair.\u00a0A un parfum intense d&#8217;ananas et de litchi, avec un l\u00e9ger soup\u00e7on de vanille.\u00a0Dans le corps, il est plein, appara\u00eet fruit\u00e9 et juteux \u00e0 la fois.<\/p>","protected":false},"featured_media":28467,"template":"","meta":[],"product_cat":[416],"product_tag":[],"acf":[],"_links":{"self":[{"href":"https:\/\/dev.sos-shop.ch\/en\/wp-json\/wp\/v2\/product\/10107"}],"collection":[{"href":"https:\/\/dev.sos-shop.ch\/en\/wp-json\/wp\/v2\/product"}],"about":[{"href":"https:\/\/dev.sos-shop.ch\/en\/wp-json\/wp\/v2\/types\/product"}],"version-history":[{"count":0,"href":"https:\/\/dev.sos-shop.ch\/en\/wp-json\/wp\/v2\/product\/10107\/revisions"}],"wp:featuredmedia":[{"embeddable":true,"href":"https:\/\/dev.sos-shop.ch\/en\/wp-json\/wp\/v2\/media\/28467"}],"wp:attachment":[{"href":"https:\/\/dev.sos-shop.ch\/en\/wp-json\/wp\/v2\/media?parent=10107"}],"wp:term":[{"taxonomy":"product_cat","embeddable":true,"href":"https:\/\/dev.sos-shop.ch\/en\/wp-json\/wp\/v2\/product_cat?post=10107"},{"taxonomy":"product_tag","embeddable":true,"href":"https:\/\/dev.sos-shop.ch\/en\/wp-json\/wp\/v2\/product_tag?post=10107"}],"curies":[{"name":"wp","href":"https:\/\/api.w.org\/{rel}","templated":true}]}}