{"id":10026,"date":"2020-10-02T10:12:25","date_gmt":"2020-10-02T09:12:25","guid":{"rendered":"https:\/\/sos-shop.ch\/?post_type=product&#038;p=10026"},"modified":"2025-03-17T04:41:39","modified_gmt":"2025-03-17T03:41:39","slug":"grace-100-eau-de-coco__trashed","status":"publish","type":"product","link":"https:\/\/dev.sos-shop.ch\/en\/shop\/grace-100-eau-de-coco__trashed\/","title":{"rendered":"Grace 100% Eau de coco 1x33cl"},"content":{"rendered":"<p>Le jus de coco ne doit pas \u00eatre confondu avec le lait de coco ! Tous deux sont certes issus de la noix de coco mais ce sont des produits diff\u00e9rents. En comparaison avec notre lait de coco et provenant de la chair de noix de coco fra\u00eechement r\u00e9colt\u00e9es, le jus de coco est le jus naturel et clair que l&#8217;on trouve dans les jeunes noix de coco vertes. Les jeunes noix de coco vertes sont r\u00e9colt\u00e9es plus t\u00f4t car c&#8217;est \u00e0 ce moment que le jus de coco a une meilleure valeur nutritionnelle. Les noix de coco fra\u00eechement r\u00e9colt\u00e9es sont imm\u00e9diatement transform\u00e9es. Le jus de coco est d\u00e9licatement chauff\u00e9 et aussit\u00f4t confectionn\u00e9***.<\/p>\n<p>***En raison du processus de fabrication, le jus de coco ne peut pas \u00eatre fabriqu\u00e9 \u00e0 la qualit\u00e9 crudit\u00e9.<\/p>","protected":false},"excerpt":{"rendered":"<p>Le jus de coco ne doit pas \u00eatre confondu avec le lait de coco ! Tous deux sont certes issus de la noix de coco mais ce sont des produits diff\u00e9rents. En comparaison avec notre lait de coco et provenant de la chair de noix de coco fra\u00eechement r\u00e9colt\u00e9es, le jus de coco est le&hellip;<\/p>","protected":false},"featured_media":25062,"template":"","meta":[],"product_cat":[416],"product_tag":[],"acf":[],"_links":{"self":[{"href":"https:\/\/dev.sos-shop.ch\/en\/wp-json\/wp\/v2\/product\/10026"}],"collection":[{"href":"https:\/\/dev.sos-shop.ch\/en\/wp-json\/wp\/v2\/product"}],"about":[{"href":"https:\/\/dev.sos-shop.ch\/en\/wp-json\/wp\/v2\/types\/product"}],"version-history":[{"count":0,"href":"https:\/\/dev.sos-shop.ch\/en\/wp-json\/wp\/v2\/product\/10026\/revisions"}],"wp:featuredmedia":[{"embeddable":true,"href":"https:\/\/dev.sos-shop.ch\/en\/wp-json\/wp\/v2\/media\/25062"}],"wp:attachment":[{"href":"https:\/\/dev.sos-shop.ch\/en\/wp-json\/wp\/v2\/media?parent=10026"}],"wp:term":[{"taxonomy":"product_cat","embeddable":true,"href":"https:\/\/dev.sos-shop.ch\/en\/wp-json\/wp\/v2\/product_cat?post=10026"},{"taxonomy":"product_tag","embeddable":true,"href":"https:\/\/dev.sos-shop.ch\/en\/wp-json\/wp\/v2\/product_tag?post=10026"}],"curies":[{"name":"wp","href":"https:\/\/api.w.org\/{rel}","templated":true}]}}