{"id":10017,"date":"2020-10-02T09:58:31","date_gmt":"2020-10-02T08:58:31","guid":{"rendered":"https:\/\/sos-shop.ch\/?post_type=product&#038;p=10017"},"modified":"2025-03-17T04:41:39","modified_gmt":"2025-03-17T03:41:39","slug":"captain-kombucha-ginger-lemon-bio__trashed","status":"publish","type":"product","link":"https:\/\/dev.sos-shop.ch\/en\/shop\/captain-kombucha-ginger-lemon-bio__trashed\/","title":{"rendered":"Captain Kombucha Ginger &amp; Lemon Bio"},"content":{"rendered":"<p>CAPTAIN KOMBUCHA est une d\u00e9licieuse boisson naturellement p\u00e9tillante aux avantages nutritionnels uniques, fabriqu\u00e9e \u00e0 la main \u00e0 la perfection.\u00a0Chaque bouteille est cr\u00e9\u00e9e et ferment\u00e9e avec notre propre culture CAPTAIN KOMBUCHA et uniquement des ingr\u00e9dients BIO certifi\u00e9s de la plus haute qualit\u00e9.\u00a0Cette recette fantastique est disponible dans une vari\u00e9t\u00e9 de saveurs &#8211; Original, framboise de Californie, plage d&#8217;\u00e9t\u00e9 \u00e0 la noix de coco et gingembre et citron.\u00a0Montez \u00e0 bord et faites la connaissance de notre capitaine bien-aim\u00e9.<\/p>\n<p>R\u00e9gimes sp\u00e9ciaux: sans conservateurs, non pasteuris\u00e9s, crus, v\u00e9g\u00e9taliens et v\u00e9g\u00e9tariens, cultures vivantes, sans gluten, acides biologiques<\/p>","protected":false},"excerpt":{"rendered":"<p>CAPTAIN KOMBUCHA est une d\u00e9licieuse boisson naturellement p\u00e9tillante aux avantages nutritionnels uniques, fabriqu\u00e9e \u00e0 la main \u00e0 la perfection.\u00a0Chaque bouteille est cr\u00e9\u00e9e et ferment\u00e9e avec notre propre culture CAPTAIN KOMBUCHA et uniquement des ingr\u00e9dients BIO certifi\u00e9s de la plus haute qualit\u00e9.\u00a0Cette recette fantastique est disponible dans une vari\u00e9t\u00e9 de saveurs &#8211; Original, framboise de Californie,&hellip;<\/p>","protected":false},"featured_media":28926,"template":"","meta":[],"product_cat":[416],"product_tag":[],"acf":[],"_links":{"self":[{"href":"https:\/\/dev.sos-shop.ch\/en\/wp-json\/wp\/v2\/product\/10017"}],"collection":[{"href":"https:\/\/dev.sos-shop.ch\/en\/wp-json\/wp\/v2\/product"}],"about":[{"href":"https:\/\/dev.sos-shop.ch\/en\/wp-json\/wp\/v2\/types\/product"}],"version-history":[{"count":0,"href":"https:\/\/dev.sos-shop.ch\/en\/wp-json\/wp\/v2\/product\/10017\/revisions"}],"wp:featuredmedia":[{"embeddable":true,"href":"https:\/\/dev.sos-shop.ch\/en\/wp-json\/wp\/v2\/media\/28926"}],"wp:attachment":[{"href":"https:\/\/dev.sos-shop.ch\/en\/wp-json\/wp\/v2\/media?parent=10017"}],"wp:term":[{"taxonomy":"product_cat","embeddable":true,"href":"https:\/\/dev.sos-shop.ch\/en\/wp-json\/wp\/v2\/product_cat?post=10017"},{"taxonomy":"product_tag","embeddable":true,"href":"https:\/\/dev.sos-shop.ch\/en\/wp-json\/wp\/v2\/product_tag?post=10017"}],"curies":[{"name":"wp","href":"https:\/\/api.w.org\/{rel}","templated":true}]}}